{"id":2472,"date":"2018-03-29T11:03:57","date_gmt":"2018-03-29T09:03:57","guid":{"rendered":"http:\/\/bei-deinem-namen-genannt.eu\/pressematerial\/"},"modified":"2018-10-19T12:49:58","modified_gmt":"2018-10-19T10:49:58","slug":"material-de-prensa","status":"publish","type":"page","link":"https:\/\/bei-deinem-namen-genannt.eu\/es\/material-de-prensa\/","title":{"rendered":"material de prensa"},"content":{"rendered":"<div id='av_section_1'  class='avia-section av-av_section-f3892e610ee9633c68397830e8f2c661 main_color avia-section-default avia-no-border-styling  avia-builder-el-0  avia-builder-el-no-sibling  avia-bg-style-scroll container_wrap sidebar_right'  ><div class='container av-section-cont-open' ><main  role=\"main\" itemprop=\"mainContentOfPage\"  class='template-page content  av-content-small alpha units'><div class='post-entry post-entry-type-page post-entry-2472'><div class='entry-content-wrapper clearfix'>\n\n<style type=\"text\/css\" data-created_by=\"avia_inline_auto\" id=\"style-css-av-av_one_full-15d750bd1b332b34c6e70b077ebbccdf\">\n.flex_column.av-av_one_full-15d750bd1b332b34c6e70b077ebbccdf{\n-webkit-border-radius:0px 0px 0px 0px;\n-moz-border-radius:0px 0px 0px 0px;\nborder-radius:0px 0px 0px 0px;\npadding:0px 0px 0px 0px;\n}\n<\/style>\n<div class='flex_column av-av_one_full-15d750bd1b332b34c6e70b077ebbccdf av_one_full  avia-builder-el-1  el_before_av_hr  avia-builder-el-first  first flex_column_div av-zero-column-padding '     ><p>\n<style type=\"text\/css\" data-created_by=\"avia_inline_auto\" id=\"style-css-av-av_heading-fbeafdfd390acdbe2c816aa1d8ed238d\">\n#top .av-special-heading.av-av_heading-fbeafdfd390acdbe2c816aa1d8ed238d{\npadding-bottom:10px;\n}\nbody .av-special-heading.av-av_heading-fbeafdfd390acdbe2c816aa1d8ed238d .av-special-heading-tag .heading-char{\nfont-size:25px;\n}\n.av-special-heading.av-av_heading-fbeafdfd390acdbe2c816aa1d8ed238d .av-subheading{\nfont-size:16px;\n}\n<\/style>\n<div  class='av-special-heading av-av_heading-fbeafdfd390acdbe2c816aa1d8ed238d av-special-heading-h1 custom-color-heading blockquote modern-quote  avia-builder-el-2  el_before_av_textblock  avia-builder-el-first '><h1 class='av-special-heading-tag'  itemprop=\"headline\"  >LLAMADA POR TU NOMBRE: MAR\u00cdA<\/h1><div class=\"special-heading-border\"><div class=\"special-heading-inner-border\"><\/div><\/div><\/div><br \/>\n<section  class='av_textblock_section av-av_textblock-2de302bf1aa3cf4c9157dbe6f50ac7eb'  itemscope=\"itemscope\" itemtype=\"https:\/\/schema.org\/CreativeWork\" ><div class='avia_textblock'  itemprop=\"text\" ><p class=\"yiv7998688316msonormal\"><span lang=\"ES\">La exposici\u00f3n biling\u00fce \u201cLlamada por tu nombre: Mar\u00eda\u201d quiere ser el punto de partida para conocer la historia del nombre y la iglesia, personas y lugares, partiendo del ejemplo de Mar\u00eda (y as\u00ed con el prop\u00f3sito de llegar a otros nombres: Nele o Lisa, Linus o Finn). La exposici\u00f3n nos muestra la vida de Mar\u00eda, madre de Jesucristo, en \u201csu\u201d color azul iconogr\u00e1fico, acompa\u00f1ada de ilustraciones e im\u00e1genes conocidas, como \u201cLa Madonna Sixtina\u201d de Rafael o \u201cLa Piedad del Vaticano\u201d de Miguel \u00c1ngel. Ideas sobre el contexto del tema que nos gu\u00eden hacia la percepci\u00f3n del lugar, historia y nombre como parte de la propia identidad, incluida en un contexto europeo interregional. La exposici\u00f3n para grupos escolares y adultos fue iniciada por el Departamento de Cultura y Consejo de la EKD (Iglesia Evang\u00e9lica en Alemania), realizada con el apoyo de los delegados del Gobierno Federal de Cultura y Medios de Comunicaci\u00f3n en cooperaci\u00f3n con la Fundaci\u00f3n Guardini, formando parte del primer a\u00f1o europeo Patrimonio Cultural de la Humanidad 2018 \u201cSharing Heritage\u201d. <\/span><\/p>\n<\/div><\/section><br \/>\n\n<style type=\"text\/css\" data-created_by=\"avia_inline_auto\" id=\"style-css-av-av_heading-22b8edb4a7b145df7a97c054150a6e4a\">\n#top .av-special-heading.av-av_heading-22b8edb4a7b145df7a97c054150a6e4a{\npadding-bottom:10px;\n}\nbody .av-special-heading.av-av_heading-22b8edb4a7b145df7a97c054150a6e4a .av-special-heading-tag .heading-char{\nfont-size:25px;\n}\n.av-special-heading.av-av_heading-22b8edb4a7b145df7a97c054150a6e4a .av-subheading{\nfont-size:16px;\n}\n<\/style>\n<div  class='av-special-heading av-av_heading-22b8edb4a7b145df7a97c054150a6e4a av-special-heading-h1 custom-color-heading blockquote modern-quote  avia-builder-el-4  el_after_av_textblock  el_before_av_textblock '><h1 class='av-special-heading-tag'  itemprop=\"headline\"  >LLAMADO POR TU NOMBRE: NICOL\u00c1S<\/h1><div class=\"special-heading-border\"><div class=\"special-heading-inner-border\"><\/div><\/div><\/div><br \/>\n<section  class='av_textblock_section av-av_textblock-2de302bf1aa3cf4c9157dbe6f50ac7eb'  itemscope=\"itemscope\" itemtype=\"https:\/\/schema.org\/CreativeWork\" ><div class='avia_textblock'  itemprop=\"text\" ><p class=\"yiv7998688316msonormal\"><span lang=\"ES\">La exposici\u00f3n biling\u00fce \u201cLlamado por tu nombre: Nicol\u00e1s\u201d quiere ser el punto de partida para conocer la historia del nombre y la iglesia, personas y lugares, partiendo del ejemplo de Nicol\u00e1s (y as\u00ed con el prop\u00f3sito de llegar a otros nombres: Nele o Lisa, Linus o Finn). La exposici\u00f3n nos cuenta sobre Nicol\u00e1s de Mira, el que trae y reparte obsequios el 6 de diciembre, en \u201csu\u201d color rojo, acompa\u00f1ado de ilustraciones con escenas de Nicol\u00e1s del \u201cAltar de Perugia\u201d Beato Ang\u00e9lico y el Nicol\u00e1s del altar de la ciudad de M\u00fchlhausen, en Turingia. Ideas sobre el contexto del tema que nos gu\u00eden hacia la percepci\u00f3n del lugar, historia y nombre como parte de la propia identidad, incluida en un contexto europeo interregional. La exposici\u00f3n para grupos escolares y adultos fue iniciada por el Departamento de Cultura y Consejo de la EKD (Iglesia Evang\u00e9lica en Alemania), realizada con el apoyo de los delegados del Gobierno federal de Cultura y Medios de Comunicaci\u00f3n en cooperaci\u00f3n con la Fundaci\u00f3n Guardini, formando parte del primer a\u00f1o europeo Patrimonio Cultural de la Humanidad 2018 \u201cSharing Heritage\u201d. <\/span><\/p>\n<\/div><\/section><br \/>\n\n<style type=\"text\/css\" data-created_by=\"avia_inline_auto\" id=\"style-css-av-av_hr-4474f20d2389e2e5ecf918a02da5132e\">\n#top .hr.hr-invisible.av-av_hr-4474f20d2389e2e5ecf918a02da5132e{\nheight:50px;\n}\n<\/style>\n<div  class='hr av-av_hr-4474f20d2389e2e5ecf918a02da5132e hr-invisible  avia-builder-el-6  el_after_av_textblock  el_before_av_button '><span class='hr-inner '><span class=\"hr-inner-style\"><\/span><\/span><\/div><br \/>\n<div  class='avia-button-wrap av-av_button-d44759f6943829d1ecb02b8f9edfc7c5-wrap avia-button-left  avia-builder-el-7  el_after_av_hr  el_before_av_button '><a href='http:\/\/bei-deinem-namen-genannt.eu\/wp-content\/uploads\/2018\/08\/Bei-Deinem-Namen_echy2018_PM-langA-EKDkulturbuero2018.pdf' class='avia-button av-av_button-d44759f6943829d1ecb02b8f9edfc7c5 avia-icon_select-yes-left-icon avia-size-x-large avia-position-left avia-color-theme-color' target=\"_blank\" rel=\"noopener noreferrer\"><span class='avia_button_icon avia_button_icon_left' aria-hidden='true' data-av_icon='\ue823' data-av_iconfont='entypo-fontello'><\/span><span class='avia_iconbox_title' > Download Pressemitteilung A - alem\u00e1n<\/span><\/a><\/div><br \/>\n<div  class='avia-button-wrap av-av_button-15e5e33b51a32554fb0babc43c11643f-wrap avia-button-left  avia-builder-el-8  el_after_av_button  el_before_av_hr '><a href='http:\/\/bei-deinem-namen-genannt.eu\/wp-content\/uploads\/2018\/08\/Bei-Deinem-Namen_echy2018_PM-langB-EKDkulturbuero2018.pdf' class='avia-button av-av_button-15e5e33b51a32554fb0babc43c11643f avia-icon_select-yes-left-icon avia-size-x-large avia-position-left avia-color-theme-color' target=\"_blank\" rel=\"noopener noreferrer\"><span class='avia_button_icon avia_button_icon_left' aria-hidden='true' data-av_icon='\ue823' data-av_iconfont='entypo-fontello'><\/span><span class='avia_iconbox_title' > Download Pressemitteilung B - alem\u00e1n<\/span><\/a><\/div><br \/>\n\n<style type=\"text\/css\" data-created_by=\"avia_inline_auto\" id=\"style-css-av-av_hr-4474f20d2389e2e5ecf918a02da5132e\">\n#top .hr.hr-invisible.av-av_hr-4474f20d2389e2e5ecf918a02da5132e{\nheight:50px;\n}\n<\/style>\n<div  class='hr av-av_hr-4474f20d2389e2e5ecf918a02da5132e hr-invisible  avia-builder-el-9  el_after_av_button  el_before_av_heading '><span class='hr-inner '><span class=\"hr-inner-style\"><\/span><\/span><\/div><br \/>\n\n<style type=\"text\/css\" data-created_by=\"avia_inline_auto\" id=\"style-css-av-av_heading-fab08b7f350046dcda252a0d6aa1bdaa\">\n#top .av-special-heading.av-av_heading-fab08b7f350046dcda252a0d6aa1bdaa{\npadding-bottom:10px;\n}\nbody .av-special-heading.av-av_heading-fab08b7f350046dcda252a0d6aa1bdaa .av-special-heading-tag .heading-char{\nfont-size:25px;\n}\n.av-special-heading.av-av_heading-fab08b7f350046dcda252a0d6aa1bdaa .av-subheading{\nfont-size:16px;\n}\n<\/style>\n<div  class='av-special-heading av-av_heading-fab08b7f350046dcda252a0d6aa1bdaa av-special-heading-h1 custom-color-heading blockquote modern-quote  avia-builder-el-10  el_after_av_hr  el_before_av_textblock '><h1 class='av-special-heading-tag'  itemprop=\"headline\"  >CONTACTO<\/h1><div class=\"special-heading-border\"><div class=\"special-heading-inner-border\"><\/div><\/div><\/div><br \/>\n<section  class='av_textblock_section av-av_textblock-2de302bf1aa3cf4c9157dbe6f50ac7eb'  itemscope=\"itemscope\" itemtype=\"https:\/\/schema.org\/CreativeWork\" ><div class='avia_textblock'  itemprop=\"text\" ><p><span lang=\"EN-US\">Klaus-Martin Bresgott, director del proyecto<\/span><br \/>\nE-Mail: <a href=\"mailto:klaus-martin.bresgott@ekd.de\">klaus-martin.bresgott@ekd.de<\/a><\/p>\n<p><span lang=\"ES\">Angelika Beer, relaciones p\u00fablicas<\/span><br \/>\nE-Mail: <a href=\"mailto:angelika.beer@ekd.de\">angelika.beer@ekd.de<\/a><\/p>\n<p><a href=\"http:\/\/kulturkirchen.org\" target=\"_blank\" rel=\"noopener\">kulturkirchen.org<\/a><\/p>\n<p><a href=\"http:\/\/facebook.com\/EKDkultur\/\" target=\"_blank\" rel=\"noopener\">facebook.com\/EKDkultur\/<\/a><\/p>\n<\/div><\/section><\/p><\/div>\n<style type=\"text\/css\" data-created_by=\"avia_inline_auto\" id=\"style-css-av-av_hr-4474f20d2389e2e5ecf918a02da5132e\">\n#top .hr.hr-invisible.av-av_hr-4474f20d2389e2e5ecf918a02da5132e{\nheight:50px;\n}\n<\/style>\n<div  class='hr av-av_hr-4474f20d2389e2e5ecf918a02da5132e hr-invisible  avia-builder-el-12  el_after_av_one_full  avia-builder-el-last '><span class='hr-inner '><span class=\"hr-inner-style\"><\/span><\/span><\/div>\n<\/div><\/div><\/main><!-- close content main element --><\/div><\/div><div id='after_section_1'  class='main_color av_default_container_wrap container_wrap sidebar_right'  ><div class='container av-section-cont-open' ><div class='template-page content  av-content-small alpha units'><div class='post-entry post-entry-type-page post-entry-2472'><div class='entry-content-wrapper clearfix'>\n","protected":false},"excerpt":{"rendered":"","protected":false},"author":1,"featured_media":0,"parent":0,"menu_order":0,"comment_status":"closed","ping_status":"closed","template":"","meta":{"footnotes":""},"class_list":["post-2472","page","type-page","status-publish","hentry"],"yoast_head":"<!-- This site is optimized with the Yoast SEO plugin v25.5 - https:\/\/yoast.com\/wordpress\/plugins\/seo\/ -->\n<title>material de prensa - Bei Deinem Namen genannt: Maria und Nikolaus<\/title>\n<meta name=\"robots\" content=\"index, follow, max-snippet:-1, max-image-preview:large, max-video-preview:-1\" \/>\n<link rel=\"canonical\" href=\"https:\/\/bei-deinem-namen-genannt.eu\/pressematerial\/\" \/>\n<meta property=\"og:locale\" content=\"es_ES\" \/>\n<meta property=\"og:type\" content=\"article\" \/>\n<meta property=\"og:title\" content=\"material de prensa - Bei Deinem Namen genannt: Maria und Nikolaus\" \/>\n<meta property=\"og:url\" content=\"https:\/\/bei-deinem-namen-genannt.eu\/pressematerial\/\" \/>\n<meta property=\"og:site_name\" content=\"Bei Deinem Namen genannt: Maria und Nikolaus\" \/>\n<meta property=\"article:modified_time\" content=\"2018-10-19T10:49:58+00:00\" \/>\n<meta name=\"twitter:card\" content=\"summary_large_image\" \/>\n<meta name=\"twitter:label1\" content=\"Tiempo de lectura\" \/>\n\t<meta name=\"twitter:data1\" content=\"5 minutos\" \/>\n<script type=\"application\/ld+json\" class=\"yoast-schema-graph\">{\"@context\":\"https:\/\/schema.org\",\"@graph\":[{\"@type\":\"WebPage\",\"@id\":\"https:\/\/bei-deinem-namen-genannt.eu\/pressematerial\/\",\"url\":\"https:\/\/bei-deinem-namen-genannt.eu\/pressematerial\/\",\"name\":\"material de prensa - Bei Deinem Namen genannt: Maria und Nikolaus\",\"isPartOf\":{\"@id\":\"https:\/\/bei-deinem-namen-genannt.eu\/#website\"},\"datePublished\":\"2018-03-29T09:03:57+00:00\",\"dateModified\":\"2018-10-19T10:49:58+00:00\",\"breadcrumb\":{\"@id\":\"https:\/\/bei-deinem-namen-genannt.eu\/pressematerial\/#breadcrumb\"},\"inLanguage\":\"es\",\"potentialAction\":[{\"@type\":\"ReadAction\",\"target\":[\"https:\/\/bei-deinem-namen-genannt.eu\/pressematerial\/\"]}]},{\"@type\":\"BreadcrumbList\",\"@id\":\"https:\/\/bei-deinem-namen-genannt.eu\/pressematerial\/#breadcrumb\",\"itemListElement\":[{\"@type\":\"ListItem\",\"position\":1,\"name\":\"Startseite\",\"item\":\"https:\/\/bei-deinem-namen-genannt.eu\/allgemein\/\"},{\"@type\":\"ListItem\",\"position\":2,\"name\":\"material de prensa\"}]},{\"@type\":\"WebSite\",\"@id\":\"https:\/\/bei-deinem-namen-genannt.eu\/#website\",\"url\":\"https:\/\/bei-deinem-namen-genannt.eu\/\",\"name\":\"Bei Deinem Namen genannt: Maria und Nikolaus\",\"description\":\"Europ\u00e4isches Kulturerbejahr 2018 \u00bbSharing Heritage\u00ab\",\"potentialAction\":[{\"@type\":\"SearchAction\",\"target\":{\"@type\":\"EntryPoint\",\"urlTemplate\":\"https:\/\/bei-deinem-namen-genannt.eu\/?s={search_term_string}\"},\"query-input\":{\"@type\":\"PropertyValueSpecification\",\"valueRequired\":true,\"valueName\":\"search_term_string\"}}],\"inLanguage\":\"es\"}]}<\/script>\n<!-- \/ Yoast SEO plugin. -->","yoast_head_json":{"title":"material de prensa - Bei Deinem Namen genannt: Maria und Nikolaus","robots":{"index":"index","follow":"follow","max-snippet":"max-snippet:-1","max-image-preview":"max-image-preview:large","max-video-preview":"max-video-preview:-1"},"canonical":"https:\/\/bei-deinem-namen-genannt.eu\/pressematerial\/","og_locale":"es_ES","og_type":"article","og_title":"material de prensa - Bei Deinem Namen genannt: Maria und Nikolaus","og_url":"https:\/\/bei-deinem-namen-genannt.eu\/pressematerial\/","og_site_name":"Bei Deinem Namen genannt: Maria und Nikolaus","article_modified_time":"2018-10-19T10:49:58+00:00","twitter_card":"summary_large_image","twitter_misc":{"Tiempo de lectura":"5 minutos"},"schema":{"@context":"https:\/\/schema.org","@graph":[{"@type":"WebPage","@id":"https:\/\/bei-deinem-namen-genannt.eu\/pressematerial\/","url":"https:\/\/bei-deinem-namen-genannt.eu\/pressematerial\/","name":"material de prensa - Bei Deinem Namen genannt: Maria und Nikolaus","isPartOf":{"@id":"https:\/\/bei-deinem-namen-genannt.eu\/#website"},"datePublished":"2018-03-29T09:03:57+00:00","dateModified":"2018-10-19T10:49:58+00:00","breadcrumb":{"@id":"https:\/\/bei-deinem-namen-genannt.eu\/pressematerial\/#breadcrumb"},"inLanguage":"es","potentialAction":[{"@type":"ReadAction","target":["https:\/\/bei-deinem-namen-genannt.eu\/pressematerial\/"]}]},{"@type":"BreadcrumbList","@id":"https:\/\/bei-deinem-namen-genannt.eu\/pressematerial\/#breadcrumb","itemListElement":[{"@type":"ListItem","position":1,"name":"Startseite","item":"https:\/\/bei-deinem-namen-genannt.eu\/allgemein\/"},{"@type":"ListItem","position":2,"name":"material de prensa"}]},{"@type":"WebSite","@id":"https:\/\/bei-deinem-namen-genannt.eu\/#website","url":"https:\/\/bei-deinem-namen-genannt.eu\/","name":"Bei Deinem Namen genannt: Maria und Nikolaus","description":"Europ\u00e4isches Kulturerbejahr 2018 \u00bbSharing Heritage\u00ab","potentialAction":[{"@type":"SearchAction","target":{"@type":"EntryPoint","urlTemplate":"https:\/\/bei-deinem-namen-genannt.eu\/?s={search_term_string}"},"query-input":{"@type":"PropertyValueSpecification","valueRequired":true,"valueName":"search_term_string"}}],"inLanguage":"es"}]}},"_links":{"self":[{"href":"https:\/\/bei-deinem-namen-genannt.eu\/es\/wp-json\/wp\/v2\/pages\/2472","targetHints":{"allow":["GET"]}}],"collection":[{"href":"https:\/\/bei-deinem-namen-genannt.eu\/es\/wp-json\/wp\/v2\/pages"}],"about":[{"href":"https:\/\/bei-deinem-namen-genannt.eu\/es\/wp-json\/wp\/v2\/types\/page"}],"author":[{"embeddable":true,"href":"https:\/\/bei-deinem-namen-genannt.eu\/es\/wp-json\/wp\/v2\/users\/1"}],"replies":[{"embeddable":true,"href":"https:\/\/bei-deinem-namen-genannt.eu\/es\/wp-json\/wp\/v2\/comments?post=2472"}],"version-history":[{"count":5,"href":"https:\/\/bei-deinem-namen-genannt.eu\/es\/wp-json\/wp\/v2\/pages\/2472\/revisions"}],"predecessor-version":[{"id":3104,"href":"https:\/\/bei-deinem-namen-genannt.eu\/es\/wp-json\/wp\/v2\/pages\/2472\/revisions\/3104"}],"wp:attachment":[{"href":"https:\/\/bei-deinem-namen-genannt.eu\/es\/wp-json\/wp\/v2\/media?parent=2472"}],"curies":[{"name":"wp","href":"https:\/\/api.w.org\/{rel}","templated":true}]}}