{"id":2475,"date":"2018-03-28T13:09:47","date_gmt":"2018-03-28T11:09:47","guid":{"rendered":"http:\/\/bei-deinem-namen-genannt.eu\/schule\/"},"modified":"2018-10-19T12:49:05","modified_gmt":"2018-10-19T10:49:05","slug":"escuela","status":"publish","type":"page","link":"https:\/\/bei-deinem-namen-genannt.eu\/es\/escuela\/","title":{"rendered":"escuela"},"content":{"rendered":"<div id='av_section_1'  class='avia-section av-av_section-f3892e610ee9633c68397830e8f2c661 main_color avia-section-default avia-no-border-styling  avia-builder-el-0  avia-builder-el-no-sibling  avia-bg-style-scroll container_wrap sidebar_right'  ><div class='container av-section-cont-open' ><main  role=\"main\" itemprop=\"mainContentOfPage\"  class='template-page content  av-content-small alpha units'><div class='post-entry post-entry-type-page post-entry-2475'><div class='entry-content-wrapper clearfix'>\n\n<style type=\"text\/css\" data-created_by=\"avia_inline_auto\" id=\"style-css-av-av_one_full-15d750bd1b332b34c6e70b077ebbccdf\">\n.flex_column.av-av_one_full-15d750bd1b332b34c6e70b077ebbccdf{\n-webkit-border-radius:0px 0px 0px 0px;\n-moz-border-radius:0px 0px 0px 0px;\nborder-radius:0px 0px 0px 0px;\npadding:0px 0px 0px 0px;\n}\n<\/style>\n<div class='flex_column av-av_one_full-15d750bd1b332b34c6e70b077ebbccdf av_one_full  avia-builder-el-1  avia-builder-el-no-sibling  first flex_column_div av-zero-column-padding '     ><p>\n<style type=\"text\/css\" data-created_by=\"avia_inline_auto\" id=\"style-css-av-av_heading-42203f036158b19feeb06e3461b56437\">\n#top .av-special-heading.av-av_heading-42203f036158b19feeb06e3461b56437{\npadding-bottom:10px;\n}\nbody .av-special-heading.av-av_heading-42203f036158b19feeb06e3461b56437 .av-special-heading-tag .heading-char{\nfont-size:25px;\n}\n.av-special-heading.av-av_heading-42203f036158b19feeb06e3461b56437 .av-subheading{\nfont-size:16px;\n}\n<\/style>\n<div  class='av-special-heading av-av_heading-42203f036158b19feeb06e3461b56437 av-special-heading-h1 custom-color-heading blockquote modern-quote  avia-builder-el-2  el_before_av_textblock  avia-builder-el-first '><h1 class='av-special-heading-tag'  itemprop=\"headline\"  >Material did\u00e1ctico<\/h1><div class=\"special-heading-border\"><div class=\"special-heading-inner-border\"><\/div><\/div><\/div><br \/>\n<section  class='av_textblock_section av-av_textblock-2de302bf1aa3cf4c9157dbe6f50ac7eb'  itemscope=\"itemscope\" itemtype=\"https:\/\/schema.org\/CreativeWork\" ><div class='avia_textblock'  itemprop=\"text\" ><p>Dependiendo del tiempo disponible, los distintos m\u00f3dulos del material did\u00e1ctico (ver descarga) pueden ser editados, y poco a poco en la escuela, con la ayuda del folleto de la exposici\u00f3n o con repetidas visitas, puedan irse complementando. El orden de uso va tem\u00e1ticamente desde \u00abLlamado\/a por mi nombre: yo\u00bb hasta \u00abLlamado\/a por tu nombre: Mar\u00eda y Nicol\u00e1s\u00bb, y respectivamente \u00abLlamado\/a por tu nombre: tu\u00bb. El objetivo es obtener de la percepci\u00f3n del \u00abYo\u00bb al \u00abTu\u00bb y al \u00abNosotros\u00bb, la propia historia de la herencia europea. Tambi\u00e9n es posible una secuencia alternativa, es decir que vaya del tema abstracto y general, al tema espec\u00edfico y concreto.<\/p>\n<\/div><\/section><br \/>\n\n<style type=\"text\/css\" data-created_by=\"avia_inline_auto\" id=\"style-css-av-av_hr-4474f20d2389e2e5ecf918a02da5132e\">\n#top .hr.hr-invisible.av-av_hr-4474f20d2389e2e5ecf918a02da5132e{\nheight:50px;\n}\n<\/style>\n<div  class='hr av-av_hr-4474f20d2389e2e5ecf918a02da5132e hr-invisible  avia-builder-el-4  el_after_av_textblock  el_before_av_button '><span class='hr-inner '><span class=\"hr-inner-style\"><\/span><\/span><\/div><br \/>\n<div  class='avia-button-wrap av-av_button-7c2046cb42eef70131d0d9db53f18e7c-wrap avia-button-left  avia-builder-el-5  el_after_av_hr  el_before_av_hr '><a href='http:\/\/bei-deinem-namen-genannt.eu\/wp-content\/uploads\/2018\/08\/Bei-Deinem-Namen_echy2018_LEHRMATERIAL-EKDkulturbuero2018.pdf' class='avia-button av-av_button-7c2046cb42eef70131d0d9db53f18e7c avia-icon_select-yes-left-icon avia-size-x-large avia-position-left avia-color-theme-color' target=\"_blank\" rel=\"noopener noreferrer\"><span class='avia_button_icon avia_button_icon_left' aria-hidden='true' data-av_icon='\ue823' data-av_iconfont='entypo-fontello'><\/span><span class='avia_iconbox_title' >Download Lehrmaterial - PDF - alem\u00e1n<\/span><\/a><\/div><br \/>\n\n<style type=\"text\/css\" data-created_by=\"avia_inline_auto\" id=\"style-css-av-av_hr-4474f20d2389e2e5ecf918a02da5132e\">\n#top .hr.hr-invisible.av-av_hr-4474f20d2389e2e5ecf918a02da5132e{\nheight:50px;\n}\n<\/style>\n<div  class='hr av-av_hr-4474f20d2389e2e5ecf918a02da5132e hr-invisible  avia-builder-el-6  el_after_av_button  el_before_av_heading '><span class='hr-inner '><span class=\"hr-inner-style\"><\/span><\/span><\/div><br \/>\n\n<style type=\"text\/css\" data-created_by=\"avia_inline_auto\" id=\"style-css-av-av_heading-5f0dd57d312686b4999ce932e5b12f30\">\n#top .av-special-heading.av-av_heading-5f0dd57d312686b4999ce932e5b12f30{\npadding-bottom:10px;\n}\nbody .av-special-heading.av-av_heading-5f0dd57d312686b4999ce932e5b12f30 .av-special-heading-tag .heading-char{\nfont-size:25px;\n}\n.av-special-heading.av-av_heading-5f0dd57d312686b4999ce932e5b12f30 .av-subheading{\nfont-size:16px;\n}\n<\/style>\n<div  class='av-special-heading av-av_heading-5f0dd57d312686b4999ce932e5b12f30 av-special-heading-h1 custom-color-heading blockquote modern-quote  avia-builder-el-7  el_after_av_hr  el_before_av_textblock '><h1 class='av-special-heading-tag'  itemprop=\"headline\"  >Contacto<\/h1><div class=\"special-heading-border\"><div class=\"special-heading-inner-border\"><\/div><\/div><\/div><br \/>\n<section  class='av_textblock_section av-av_textblock-2de302bf1aa3cf4c9157dbe6f50ac7eb'  itemscope=\"itemscope\" itemtype=\"https:\/\/schema.org\/CreativeWork\" ><div class='avia_textblock'  itemprop=\"text\" ><p><span lang=\"EN-US\">Klaus-Martin Bresgott, director del proyecto<\/span><br \/>\nE-Mail: <a href=\"mailto:klaus-martin.bresgott@ekd.de\">klaus-martin.bresgott@ekd.de<\/a><\/p>\n<p><span lang=\"ES\">Angelika Beer, relaciones p\u00fablicas<\/span><br \/>\nE-Mail: <a href=\"mailto:angelika.beer@ekd.de\">angelika.beer@ekd.de<\/a><\/p>\n<p><a href=\"http:\/\/kulturkirchen.org\" target=\"_blank\" rel=\"noopener\">kulturkirchen.org<\/a><\/p>\n<p><a href=\"http:\/\/facebook.com\/EKDkultur\/\" target=\"_blank\" rel=\"noopener\">facebook.com\/EKDkultur\/<\/a><\/p>\n<\/div><\/section><br \/>\n\n<style type=\"text\/css\" data-created_by=\"avia_inline_auto\" id=\"style-css-av-av_hr-4474f20d2389e2e5ecf918a02da5132e\">\n#top .hr.hr-invisible.av-av_hr-4474f20d2389e2e5ecf918a02da5132e{\nheight:50px;\n}\n<\/style>\n<div  class='hr av-av_hr-4474f20d2389e2e5ecf918a02da5132e hr-invisible  avia-builder-el-9  el_after_av_textblock  avia-builder-el-last '><span class='hr-inner '><span class=\"hr-inner-style\"><\/span><\/span><\/div><\/p><\/div><\/div><\/div><\/main><!-- close content main element --><\/div><\/div><div id='after_section_1'  class='main_color av_default_container_wrap container_wrap sidebar_right'  ><div class='container av-section-cont-open' ><div class='template-page content  av-content-small alpha units'><div class='post-entry post-entry-type-page post-entry-2475'><div class='entry-content-wrapper clearfix'>\n","protected":false},"excerpt":{"rendered":"","protected":false},"author":1,"featured_media":0,"parent":0,"menu_order":0,"comment_status":"closed","ping_status":"closed","template":"","meta":{"footnotes":""},"class_list":["post-2475","page","type-page","status-publish","hentry"],"yoast_head":"<!-- This site is optimized with the Yoast SEO plugin v25.5 - https:\/\/yoast.com\/wordpress\/plugins\/seo\/ -->\n<title>escuela - Bei Deinem Namen genannt: Maria und Nikolaus<\/title>\n<meta name=\"robots\" content=\"index, follow, max-snippet:-1, max-image-preview:large, max-video-preview:-1\" \/>\n<link rel=\"canonical\" href=\"https:\/\/bei-deinem-namen-genannt.eu\/escuela\/\" \/>\n<meta property=\"og:locale\" content=\"es_ES\" \/>\n<meta property=\"og:type\" content=\"article\" \/>\n<meta property=\"og:title\" content=\"escuela - Bei Deinem Namen genannt: Maria und Nikolaus\" \/>\n<meta property=\"og:url\" content=\"https:\/\/bei-deinem-namen-genannt.eu\/escuela\/\" \/>\n<meta property=\"og:site_name\" content=\"Bei Deinem Namen genannt: Maria und Nikolaus\" \/>\n<meta property=\"article:modified_time\" content=\"2018-10-19T10:49:05+00:00\" \/>\n<meta name=\"twitter:card\" content=\"summary_large_image\" \/>\n<meta name=\"twitter:label1\" content=\"Tiempo de lectura\" \/>\n\t<meta name=\"twitter:data1\" content=\"3 minutos\" \/>\n<script type=\"application\/ld+json\" class=\"yoast-schema-graph\">{\"@context\":\"https:\/\/schema.org\",\"@graph\":[{\"@type\":\"WebPage\",\"@id\":\"https:\/\/bei-deinem-namen-genannt.eu\/escuela\/\",\"url\":\"https:\/\/bei-deinem-namen-genannt.eu\/escuela\/\",\"name\":\"escuela - Bei Deinem Namen genannt: Maria und Nikolaus\",\"isPartOf\":{\"@id\":\"https:\/\/bei-deinem-namen-genannt.eu\/#website\"},\"datePublished\":\"2018-03-28T11:09:47+00:00\",\"dateModified\":\"2018-10-19T10:49:05+00:00\",\"breadcrumb\":{\"@id\":\"https:\/\/bei-deinem-namen-genannt.eu\/escuela\/#breadcrumb\"},\"inLanguage\":\"es\",\"potentialAction\":[{\"@type\":\"ReadAction\",\"target\":[\"https:\/\/bei-deinem-namen-genannt.eu\/escuela\/\"]}]},{\"@type\":\"BreadcrumbList\",\"@id\":\"https:\/\/bei-deinem-namen-genannt.eu\/escuela\/#breadcrumb\",\"itemListElement\":[{\"@type\":\"ListItem\",\"position\":1,\"name\":\"Startseite\",\"item\":\"https:\/\/bei-deinem-namen-genannt.eu\/allgemein\/\"},{\"@type\":\"ListItem\",\"position\":2,\"name\":\"escuela\"}]},{\"@type\":\"WebSite\",\"@id\":\"https:\/\/bei-deinem-namen-genannt.eu\/#website\",\"url\":\"https:\/\/bei-deinem-namen-genannt.eu\/\",\"name\":\"Bei Deinem Namen genannt: Maria und Nikolaus\",\"description\":\"Europ\u00e4isches Kulturerbejahr 2018 \u00bbSharing Heritage\u00ab\",\"potentialAction\":[{\"@type\":\"SearchAction\",\"target\":{\"@type\":\"EntryPoint\",\"urlTemplate\":\"https:\/\/bei-deinem-namen-genannt.eu\/?s={search_term_string}\"},\"query-input\":{\"@type\":\"PropertyValueSpecification\",\"valueRequired\":true,\"valueName\":\"search_term_string\"}}],\"inLanguage\":\"es\"}]}<\/script>\n<!-- \/ Yoast SEO plugin. -->","yoast_head_json":{"title":"escuela - Bei Deinem Namen genannt: Maria und Nikolaus","robots":{"index":"index","follow":"follow","max-snippet":"max-snippet:-1","max-image-preview":"max-image-preview:large","max-video-preview":"max-video-preview:-1"},"canonical":"https:\/\/bei-deinem-namen-genannt.eu\/escuela\/","og_locale":"es_ES","og_type":"article","og_title":"escuela - Bei Deinem Namen genannt: Maria und Nikolaus","og_url":"https:\/\/bei-deinem-namen-genannt.eu\/escuela\/","og_site_name":"Bei Deinem Namen genannt: Maria und Nikolaus","article_modified_time":"2018-10-19T10:49:05+00:00","twitter_card":"summary_large_image","twitter_misc":{"Tiempo de lectura":"3 minutos"},"schema":{"@context":"https:\/\/schema.org","@graph":[{"@type":"WebPage","@id":"https:\/\/bei-deinem-namen-genannt.eu\/escuela\/","url":"https:\/\/bei-deinem-namen-genannt.eu\/escuela\/","name":"escuela - Bei Deinem Namen genannt: Maria und Nikolaus","isPartOf":{"@id":"https:\/\/bei-deinem-namen-genannt.eu\/#website"},"datePublished":"2018-03-28T11:09:47+00:00","dateModified":"2018-10-19T10:49:05+00:00","breadcrumb":{"@id":"https:\/\/bei-deinem-namen-genannt.eu\/escuela\/#breadcrumb"},"inLanguage":"es","potentialAction":[{"@type":"ReadAction","target":["https:\/\/bei-deinem-namen-genannt.eu\/escuela\/"]}]},{"@type":"BreadcrumbList","@id":"https:\/\/bei-deinem-namen-genannt.eu\/escuela\/#breadcrumb","itemListElement":[{"@type":"ListItem","position":1,"name":"Startseite","item":"https:\/\/bei-deinem-namen-genannt.eu\/allgemein\/"},{"@type":"ListItem","position":2,"name":"escuela"}]},{"@type":"WebSite","@id":"https:\/\/bei-deinem-namen-genannt.eu\/#website","url":"https:\/\/bei-deinem-namen-genannt.eu\/","name":"Bei Deinem Namen genannt: Maria und Nikolaus","description":"Europ\u00e4isches Kulturerbejahr 2018 \u00bbSharing Heritage\u00ab","potentialAction":[{"@type":"SearchAction","target":{"@type":"EntryPoint","urlTemplate":"https:\/\/bei-deinem-namen-genannt.eu\/?s={search_term_string}"},"query-input":{"@type":"PropertyValueSpecification","valueRequired":true,"valueName":"search_term_string"}}],"inLanguage":"es"}]}},"_links":{"self":[{"href":"https:\/\/bei-deinem-namen-genannt.eu\/es\/wp-json\/wp\/v2\/pages\/2475","targetHints":{"allow":["GET"]}}],"collection":[{"href":"https:\/\/bei-deinem-namen-genannt.eu\/es\/wp-json\/wp\/v2\/pages"}],"about":[{"href":"https:\/\/bei-deinem-namen-genannt.eu\/es\/wp-json\/wp\/v2\/types\/page"}],"author":[{"embeddable":true,"href":"https:\/\/bei-deinem-namen-genannt.eu\/es\/wp-json\/wp\/v2\/users\/1"}],"replies":[{"embeddable":true,"href":"https:\/\/bei-deinem-namen-genannt.eu\/es\/wp-json\/wp\/v2\/comments?post=2475"}],"version-history":[{"count":4,"href":"https:\/\/bei-deinem-namen-genannt.eu\/es\/wp-json\/wp\/v2\/pages\/2475\/revisions"}],"predecessor-version":[{"id":3103,"href":"https:\/\/bei-deinem-namen-genannt.eu\/es\/wp-json\/wp\/v2\/pages\/2475\/revisions\/3103"}],"wp:attachment":[{"href":"https:\/\/bei-deinem-namen-genannt.eu\/es\/wp-json\/wp\/v2\/media?parent=2475"}],"curies":[{"name":"wp","href":"https:\/\/api.w.org\/{rel}","templated":true}]}}