{"id":1620,"date":"2018-03-29T11:25:29","date_gmt":"2018-03-29T09:25:29","guid":{"rendered":"http:\/\/bei-deinem-namen-genannt.eu\/kontakt\/"},"modified":"2018-07-03T19:01:16","modified_gmt":"2018-07-03T17:01:16","slug":"contact","status":"publish","type":"page","link":"https:\/\/bei-deinem-namen-genannt.eu\/fr\/contact\/","title":{"rendered":"CONTACT"},"content":{"rendered":"<div id='av_section_1'  class='avia-section av-av_section-f3892e610ee9633c68397830e8f2c661 main_color avia-section-default avia-no-border-styling  avia-builder-el-0  avia-builder-el-no-sibling  avia-bg-style-scroll container_wrap sidebar_right'  ><div class='container av-section-cont-open' ><main  role=\"main\" itemprop=\"mainContentOfPage\"  class='template-page content  av-content-small alpha units'><div class='post-entry post-entry-type-page post-entry-1620'><div class='entry-content-wrapper clearfix'>\n\n<style type=\"text\/css\" data-created_by=\"avia_inline_auto\" id=\"style-css-av-av_one_full-15d750bd1b332b34c6e70b077ebbccdf\">\n.flex_column.av-av_one_full-15d750bd1b332b34c6e70b077ebbccdf{\n-webkit-border-radius:0px 0px 0px 0px;\n-moz-border-radius:0px 0px 0px 0px;\nborder-radius:0px 0px 0px 0px;\npadding:0px 0px 0px 0px;\n}\n<\/style>\n<div class='flex_column av-av_one_full-15d750bd1b332b34c6e70b077ebbccdf av_one_full  avia-builder-el-1  el_before_av_one_full  avia-builder-el-first  first flex_column_div av-zero-column-padding '     ><p>\n<style type=\"text\/css\" data-created_by=\"avia_inline_auto\" id=\"style-css-av-av_heading-72dd6e5d6dffe93a7526a15c1bd9da66\">\n#top .av-special-heading.av-av_heading-72dd6e5d6dffe93a7526a15c1bd9da66{\npadding-bottom:10px;\n}\nbody .av-special-heading.av-av_heading-72dd6e5d6dffe93a7526a15c1bd9da66 .av-special-heading-tag .heading-char{\nfont-size:25px;\n}\n.av-special-heading.av-av_heading-72dd6e5d6dffe93a7526a15c1bd9da66 .av-subheading{\nfont-size:15px;\n}\n<\/style>\n<div  class='av-special-heading av-av_heading-72dd6e5d6dffe93a7526a15c1bd9da66 av-special-heading-h1 custom-color-heading blockquote modern-quote  avia-builder-el-2  el_before_av_textblock  avia-builder-el-first '><h1 class='av-special-heading-tag'  itemprop=\"headline\"  >Contact<\/h1><div class=\"special-heading-border\"><div class=\"special-heading-inner-border\"><\/div><\/div><\/div><br \/>\n<section  class='av_textblock_section av-av_textblock-2de302bf1aa3cf4c9157dbe6f50ac7eb'  itemscope=\"itemscope\" itemtype=\"https:\/\/schema.org\/CreativeWork\" ><div class='avia_textblock'  itemprop=\"text\" ><p>Klaus-Martin Bresgott, D\u00e9veloppement et Direction de Projet<br \/>\nE-Mail: <a href=\"mailto:klaus-martin.bresgott@ekd.de\">klaus-martin.bresgott@ekd.de<\/a><\/p>\n<p>Angelika Beer, Relations publiques<br \/>\nE-Mail: <a href=\"mailto:angelika.beer@ekd.de\">angelika.beer@ekd.de<\/a><\/p>\n<p><a href=\"http:\/\/kulturkirchen.org\" target=\"_blank\" rel=\"noopener\">kulturkirchen.org<\/a><\/p>\n<p><a href=\"http:\/\/facebook.com\/EKDkultur\/\" target=\"_blank\" rel=\"noopener\">facebook.com\/EKDkultur\/<\/a><\/p>\n<\/div><\/section><\/p><\/div>\n<style type=\"text\/css\" data-created_by=\"avia_inline_auto\" id=\"style-css-av-av_one_full-15d750bd1b332b34c6e70b077ebbccdf\">\n.flex_column.av-av_one_full-15d750bd1b332b34c6e70b077ebbccdf{\n-webkit-border-radius:0px 0px 0px 0px;\n-moz-border-radius:0px 0px 0px 0px;\nborder-radius:0px 0px 0px 0px;\npadding:0px 0px 0px 0px;\n}\n<\/style>\n<div class='flex_column av-av_one_full-15d750bd1b332b34c6e70b077ebbccdf av_one_full  avia-builder-el-4  el_after_av_one_full  el_before_av_one_full  first flex_column_div av-zero-column-padding column-top-margin'     ><p>\n<style type=\"text\/css\" data-created_by=\"avia_inline_auto\" id=\"style-css-av-av_heading-e80b0c7579cc89a081fc8d2d464a5cfb\">\n#top .av-special-heading.av-av_heading-e80b0c7579cc89a081fc8d2d464a5cfb{\npadding-bottom:10px;\n}\nbody .av-special-heading.av-av_heading-e80b0c7579cc89a081fc8d2d464a5cfb .av-special-heading-tag .heading-char{\nfont-size:25px;\n}\n.av-special-heading.av-av_heading-e80b0c7579cc89a081fc8d2d464a5cfb .av-subheading{\nfont-size:15px;\n}\n<\/style>\n<div  class='av-special-heading av-av_heading-e80b0c7579cc89a081fc8d2d464a5cfb av-special-heading-h1 custom-color-heading blockquote modern-quote  avia-builder-el-5  el_before_av_textblock  avia-builder-el-first '><h1 class='av-special-heading-tag'  itemprop=\"headline\"  >CR\u00c9DIT PHOTOGRAPHIQUE<\/h1><div class=\"special-heading-border\"><div class=\"special-heading-inner-border\"><\/div><\/div><\/div><br \/>\n<section  class='av_textblock_section av-av_textblock-2de302bf1aa3cf4c9157dbe6f50ac7eb'  itemscope=\"itemscope\" itemtype=\"https:\/\/schema.org\/CreativeWork\" ><div class='avia_textblock'  itemprop=\"text\" ><p>Thomas Alberer, Ben Bender, Rolf Blanke, J\u00f6rg Blobelt, Edgar El, Hans-J\u00f6rg Gemeinholzer, Klaus Graf, Rabanus Flavus, Rainer Halama, Ralph Hammann, J\u00e1nos Korom, Valeri Koshelev, Katharina Lorbeer, Bernd Malner, Ralf Roletschek, Daniel Sadrowski, Wolfgang Sauber, Alexander Savin, Andreas Schoelzel, Dominik Tefert, Bjoern Viering, Berthold Werner, les diff\u00e9rentes paroisses impliqu\u00e9es (Un grand merci)<\/p>\n<\/div><\/section><\/p><\/div>\n<style type=\"text\/css\" data-created_by=\"avia_inline_auto\" id=\"style-css-av-av_one_full-15d750bd1b332b34c6e70b077ebbccdf\">\n.flex_column.av-av_one_full-15d750bd1b332b34c6e70b077ebbccdf{\n-webkit-border-radius:0px 0px 0px 0px;\n-moz-border-radius:0px 0px 0px 0px;\nborder-radius:0px 0px 0px 0px;\npadding:0px 0px 0px 0px;\n}\n<\/style>\n<div class='flex_column av-av_one_full-15d750bd1b332b34c6e70b077ebbccdf av_one_full  avia-builder-el-7  el_after_av_one_full  avia-builder-el-last  first flex_column_div av-zero-column-padding column-top-margin'     ><p>\n<style type=\"text\/css\" data-created_by=\"avia_inline_auto\" id=\"style-css-av-av_heading-8b10332d424ed2145e2ad2adb80770d8\">\n#top .av-special-heading.av-av_heading-8b10332d424ed2145e2ad2adb80770d8{\npadding-bottom:10px;\n}\nbody .av-special-heading.av-av_heading-8b10332d424ed2145e2ad2adb80770d8 .av-special-heading-tag .heading-char{\nfont-size:25px;\n}\n.av-special-heading.av-av_heading-8b10332d424ed2145e2ad2adb80770d8 .av-subheading{\nfont-size:15px;\n}\n<\/style>\n<div  class='av-special-heading av-av_heading-8b10332d424ed2145e2ad2adb80770d8 av-special-heading-h1 custom-color-heading blockquote modern-quote  avia-builder-el-8  el_before_av_textblock  avia-builder-el-first '><h1 class='av-special-heading-tag'  itemprop=\"headline\"  >MENTIONS L\u00c9GALES<\/h1><div class=\"special-heading-border\"><div class=\"special-heading-inner-border\"><\/div><\/div><\/div><br \/>\n<section  class='av_textblock_section av-av_textblock-2de302bf1aa3cf4c9157dbe6f50ac7eb'  itemscope=\"itemscope\" itemtype=\"https:\/\/schema.org\/CreativeWork\" ><div class='avia_textblock'  itemprop=\"text\" ><p>Id\u00e9e originale : Klaus-Martin Bresgott, Johann Hinrich Claussen et Ralf Kl\u00f6den<\/p>\n<p>Commissaire de l\u2019exposition, Coordinateur et R\u00e9dacteur, Auteur des textes : Klaus-Martin Bresgott<\/p>\n<p>Textes d\u2019histoire de l\u2019art : Tim Tepper<\/p>\n<p>Relations publiques : Angelika Beer<\/p>\n<p>Traduction Allemand-Anglais : Hannes Immelmann<\/p>\n<p>Traduction Allemand-Fran\u00e7ais : Anne-Sophie Lanier<\/p>\n<p>R\u00e9daction des images : Klaus-Martin Bresgott et Ralf Kl\u00f6den<\/p>\n<p>Illustrations : Harald Priem, Mannheim<\/p>\n<p>Installations audio : Alois Sp\u00e4th<\/p>\n<p>Conception graphique et Composition typographique :\u00a0Etc.\u200app.\u2009\u2013 Ralf Kl\u00f6den, Berlin<\/p>\n<\/div><\/section><br \/>\n\n<style type=\"text\/css\" data-created_by=\"avia_inline_auto\" id=\"style-css-av-av_hr-4474f20d2389e2e5ecf918a02da5132e\">\n#top .hr.hr-invisible.av-av_hr-4474f20d2389e2e5ecf918a02da5132e{\nheight:50px;\n}\n<\/style>\n<div  class='hr av-av_hr-4474f20d2389e2e5ecf918a02da5132e hr-invisible  avia-builder-el-10  el_after_av_textblock  el_before_av_textblock '><span class='hr-inner '><span class=\"hr-inner-style\"><\/span><\/span><\/div><br \/>\n<section  class='av_textblock_section av-av_textblock-d6d4457a071446c54b05855a10e30e07'  itemscope=\"itemscope\" itemtype=\"https:\/\/schema.org\/CreativeWork\" ><div class='avia_textblock av_inherit_color'  itemprop=\"text\" ><p style=\"text-align: left;\">(gem\u00e4\u00df \u00a7 5 TMG und \u00a7 55 Abs. 2 RStV)<\/p>\n<p style=\"text-align: left;\">Kulturb\u00fcro des Rates der EKD<br \/>\nAuguststr. 80<br \/>\n10117 Berlin<\/p>\n<p style=\"text-align: left;\">Tel.: 030-28395-480<br \/>\nFax: 030-28395-483<br \/>\nE-Mail: <a href=\"mailto:kultur@ekd.de\">kultur@ekd.de<\/a><\/p>\n<p style=\"text-align: left;\">Verantwortlich: Klaus-Martin Bresgott, M.A.<\/p>\n<p style=\"text-align: left;\">Das Kulturb\u00fcro der Evangelischen Kirche in Deutschland (EKD) ist eine unselbstst\u00e4ndige Einrichtung der EKD, die eine K\u00f6rperschaft des \u00f6ffentlichen Rechts ist.<\/p>\n<p style=\"text-align: left;\">Das Urheberrecht an Texten, Fotos und sonstigen Daten liegt bei der EKD oder bei Dritten. Eine weitere Verwendung ist nicht bzw. nur nach R\u00fccksprache m\u00f6glich.<\/p>\n<p style=\"text-align: left;\">Das Kulturb\u00fcro der EKD pr\u00fcft und aktualisiert die Informationen auf ihren Webseiten st\u00e4ndig. Trotz aller Sorgfalt k\u00f6nnen sich Daten inzwischen ver\u00e4ndert haben. Eine Gew\u00e4hr f\u00fcr die Aktualit\u00e4t, Richtigkeit und Vollst\u00e4ndigkeit der zur Verf\u00fcgung gestellten Informationen kann daher nicht \u00fcbernommen werden. Gleiches gilt auch f\u00fcr alle weiteren Webseiten, auf die mittels Hyperlink verwiesen wird. Das Kulturb\u00fcro der EKD ist f\u00fcr den Inhalt der Webseiten, die aufgrund einer solchen Verbindung erreicht werden, nicht verantwortlich.<\/p>\n<p style=\"text-align: left;\">Diese Website benutzt Google Analytics, einen Webanalysedienst der Google Inc. Google Analytics verwendet sog. \u201eCookies\u201c, Textdateien, die auf Ihrem Computer gespeichert werden und die eine Analyse der Benutzung der Website durch Sie erm\u00f6glicht. Die durch den Cookie erzeugten Informationen \u00fcber Ihre Benutzung dieser Website (einschlie\u00dflich Ihrer IP-Adresse) wird an einen Server von Google in den USA \u00fcbertragen und dort gespeichert. Google wird diese Informationen benutzen, um Ihre Nutzung der Website auszuwerten, um Reports \u00fcber die Websiteaktivit\u00e4ten f\u00fcr die Websitebetreiber zusammenzustellen und um weitere mit der Websitenutzung und der Internetnutzung verbundene Dienstleistungen zu erbringen. Auch wird Google diese Informationen gegebenenfalls an Dritte \u00fcbertragen, sofern dies gesetzlich vorgeschrieben oder soweit Dritte diese Daten im Auftrag von Google verarbeiten. Google wird in keinem Fall Ihre IP-Adresse mit anderen Daten, die von Google gespeichert werden, in Verbindung bringen. Sie k\u00f6nnen die Installation der Cookies durch eine entsprechende Einstellung Ihrer Browser Software verhindern; wir weisen Sie jedoch darauf hin, dass Sie in diesem Fall gegebenenfalls nicht s\u00e4mtliche Funktionen dieser Website voll umf\u00e4nglich nutzen k\u00f6nnen. Durch die Nutzung dieser Website erkl\u00e4ren Sie sich mit der Bearbeitung der \u00fcber Sie erhobenen Daten durch Google in der zuvor beschriebenen Art und Weise und zu dem zuvor benannten Zweck einverstanden.<\/p>\n<\/div><\/section><\/p><\/div><\/div><\/div><\/main><!-- close content main element --><\/div><\/div><div id='after_section_1'  class='main_color av_default_container_wrap container_wrap sidebar_right'  ><div class='container av-section-cont-open' ><div class='template-page content  av-content-small alpha units'><div class='post-entry post-entry-type-page post-entry-1620'><div class='entry-content-wrapper clearfix'>\n","protected":false},"excerpt":{"rendered":"","protected":false},"author":1,"featured_media":0,"parent":0,"menu_order":0,"comment_status":"closed","ping_status":"closed","template":"","meta":{"footnotes":""},"class_list":["post-1620","page","type-page","status-publish","hentry"],"yoast_head":"<!-- This site is optimized with the Yoast SEO plugin v25.5 - https:\/\/yoast.com\/wordpress\/plugins\/seo\/ -->\n<title>CONTACT - Bei Deinem Namen genannt: Maria und Nikolaus<\/title>\n<meta name=\"robots\" content=\"index, follow, max-snippet:-1, max-image-preview:large, max-video-preview:-1\" \/>\n<link rel=\"canonical\" href=\"https:\/\/bei-deinem-namen-genannt.eu\/contact\/\" \/>\n<meta property=\"og:locale\" content=\"fr_FR\" \/>\n<meta property=\"og:type\" content=\"article\" \/>\n<meta property=\"og:title\" content=\"CONTACT - Bei Deinem Namen genannt: Maria und Nikolaus\" \/>\n<meta property=\"og:url\" content=\"https:\/\/bei-deinem-namen-genannt.eu\/contact\/\" \/>\n<meta property=\"og:site_name\" content=\"Bei Deinem Namen genannt: Maria und Nikolaus\" \/>\n<meta property=\"article:modified_time\" content=\"2018-07-03T17:01:16+00:00\" \/>\n<meta name=\"twitter:card\" content=\"summary_large_image\" \/>\n<meta name=\"twitter:label1\" content=\"Dur\u00e9e de lecture estim\u00e9e\" \/>\n\t<meta name=\"twitter:data1\" content=\"5 minutes\" \/>\n<script type=\"application\/ld+json\" class=\"yoast-schema-graph\">{\"@context\":\"https:\/\/schema.org\",\"@graph\":[{\"@type\":\"WebPage\",\"@id\":\"https:\/\/bei-deinem-namen-genannt.eu\/contact\/\",\"url\":\"https:\/\/bei-deinem-namen-genannt.eu\/contact\/\",\"name\":\"CONTACT - Bei Deinem Namen genannt: Maria und Nikolaus\",\"isPartOf\":{\"@id\":\"https:\/\/bei-deinem-namen-genannt.eu\/#website\"},\"datePublished\":\"2018-03-29T09:25:29+00:00\",\"dateModified\":\"2018-07-03T17:01:16+00:00\",\"breadcrumb\":{\"@id\":\"https:\/\/bei-deinem-namen-genannt.eu\/contact\/#breadcrumb\"},\"inLanguage\":\"fr-FR\",\"potentialAction\":[{\"@type\":\"ReadAction\",\"target\":[\"https:\/\/bei-deinem-namen-genannt.eu\/contact\/\"]}]},{\"@type\":\"BreadcrumbList\",\"@id\":\"https:\/\/bei-deinem-namen-genannt.eu\/contact\/#breadcrumb\",\"itemListElement\":[{\"@type\":\"ListItem\",\"position\":1,\"name\":\"Startseite\",\"item\":\"https:\/\/bei-deinem-namen-genannt.eu\/allgemein\/\"},{\"@type\":\"ListItem\",\"position\":2,\"name\":\"CONTACT\"}]},{\"@type\":\"WebSite\",\"@id\":\"https:\/\/bei-deinem-namen-genannt.eu\/#website\",\"url\":\"https:\/\/bei-deinem-namen-genannt.eu\/\",\"name\":\"Bei Deinem Namen genannt: Maria und Nikolaus\",\"description\":\"Europ\u00e4isches Kulturerbejahr 2018 \u00bbSharing Heritage\u00ab\",\"potentialAction\":[{\"@type\":\"SearchAction\",\"target\":{\"@type\":\"EntryPoint\",\"urlTemplate\":\"https:\/\/bei-deinem-namen-genannt.eu\/?s={search_term_string}\"},\"query-input\":{\"@type\":\"PropertyValueSpecification\",\"valueRequired\":true,\"valueName\":\"search_term_string\"}}],\"inLanguage\":\"fr-FR\"}]}<\/script>\n<!-- \/ Yoast SEO plugin. -->","yoast_head_json":{"title":"CONTACT - Bei Deinem Namen genannt: Maria und Nikolaus","robots":{"index":"index","follow":"follow","max-snippet":"max-snippet:-1","max-image-preview":"max-image-preview:large","max-video-preview":"max-video-preview:-1"},"canonical":"https:\/\/bei-deinem-namen-genannt.eu\/contact\/","og_locale":"fr_FR","og_type":"article","og_title":"CONTACT - Bei Deinem Namen genannt: Maria und Nikolaus","og_url":"https:\/\/bei-deinem-namen-genannt.eu\/contact\/","og_site_name":"Bei Deinem Namen genannt: Maria und Nikolaus","article_modified_time":"2018-07-03T17:01:16+00:00","twitter_card":"summary_large_image","twitter_misc":{"Dur\u00e9e de lecture estim\u00e9e":"5 minutes"},"schema":{"@context":"https:\/\/schema.org","@graph":[{"@type":"WebPage","@id":"https:\/\/bei-deinem-namen-genannt.eu\/contact\/","url":"https:\/\/bei-deinem-namen-genannt.eu\/contact\/","name":"CONTACT - Bei Deinem Namen genannt: Maria und Nikolaus","isPartOf":{"@id":"https:\/\/bei-deinem-namen-genannt.eu\/#website"},"datePublished":"2018-03-29T09:25:29+00:00","dateModified":"2018-07-03T17:01:16+00:00","breadcrumb":{"@id":"https:\/\/bei-deinem-namen-genannt.eu\/contact\/#breadcrumb"},"inLanguage":"fr-FR","potentialAction":[{"@type":"ReadAction","target":["https:\/\/bei-deinem-namen-genannt.eu\/contact\/"]}]},{"@type":"BreadcrumbList","@id":"https:\/\/bei-deinem-namen-genannt.eu\/contact\/#breadcrumb","itemListElement":[{"@type":"ListItem","position":1,"name":"Startseite","item":"https:\/\/bei-deinem-namen-genannt.eu\/allgemein\/"},{"@type":"ListItem","position":2,"name":"CONTACT"}]},{"@type":"WebSite","@id":"https:\/\/bei-deinem-namen-genannt.eu\/#website","url":"https:\/\/bei-deinem-namen-genannt.eu\/","name":"Bei Deinem Namen genannt: Maria und Nikolaus","description":"Europ\u00e4isches Kulturerbejahr 2018 \u00bbSharing Heritage\u00ab","potentialAction":[{"@type":"SearchAction","target":{"@type":"EntryPoint","urlTemplate":"https:\/\/bei-deinem-namen-genannt.eu\/?s={search_term_string}"},"query-input":{"@type":"PropertyValueSpecification","valueRequired":true,"valueName":"search_term_string"}}],"inLanguage":"fr-FR"}]}},"_links":{"self":[{"href":"https:\/\/bei-deinem-namen-genannt.eu\/fr\/wp-json\/wp\/v2\/pages\/1620","targetHints":{"allow":["GET"]}}],"collection":[{"href":"https:\/\/bei-deinem-namen-genannt.eu\/fr\/wp-json\/wp\/v2\/pages"}],"about":[{"href":"https:\/\/bei-deinem-namen-genannt.eu\/fr\/wp-json\/wp\/v2\/types\/page"}],"author":[{"embeddable":true,"href":"https:\/\/bei-deinem-namen-genannt.eu\/fr\/wp-json\/wp\/v2\/users\/1"}],"replies":[{"embeddable":true,"href":"https:\/\/bei-deinem-namen-genannt.eu\/fr\/wp-json\/wp\/v2\/comments?post=1620"}],"version-history":[{"count":7,"href":"https:\/\/bei-deinem-namen-genannt.eu\/fr\/wp-json\/wp\/v2\/pages\/1620\/revisions"}],"predecessor-version":[{"id":1824,"href":"https:\/\/bei-deinem-namen-genannt.eu\/fr\/wp-json\/wp\/v2\/pages\/1620\/revisions\/1824"}],"wp:attachment":[{"href":"https:\/\/bei-deinem-namen-genannt.eu\/fr\/wp-json\/wp\/v2\/media?parent=1620"}],"curies":[{"name":"wp","href":"https:\/\/api.w.org\/{rel}","templated":true}]}}