{"id":1628,"date":"2018-03-29T11:03:57","date_gmt":"2018-03-29T09:03:57","guid":{"rendered":"http:\/\/bei-deinem-namen-genannt.eu\/pressematerial\/"},"modified":"2018-08-14T10:39:36","modified_gmt":"2018-08-14T08:39:36","slug":"presse","status":"publish","type":"page","link":"https:\/\/bei-deinem-namen-genannt.eu\/fr\/presse\/","title":{"rendered":"PRESSE"},"content":{"rendered":"<div id='av_section_1'  class='avia-section av-av_section-f3892e610ee9633c68397830e8f2c661 main_color avia-section-default avia-no-border-styling  avia-builder-el-0  avia-builder-el-no-sibling  avia-bg-style-scroll container_wrap sidebar_right'  ><div class='container av-section-cont-open' ><main  role=\"main\" itemprop=\"mainContentOfPage\"  class='template-page content  av-content-small alpha units'><div class='post-entry post-entry-type-page post-entry-1628'><div class='entry-content-wrapper clearfix'>\n\n<style type=\"text\/css\" data-created_by=\"avia_inline_auto\" id=\"style-css-av-av_one_full-15d750bd1b332b34c6e70b077ebbccdf\">\n.flex_column.av-av_one_full-15d750bd1b332b34c6e70b077ebbccdf{\n-webkit-border-radius:0px 0px 0px 0px;\n-moz-border-radius:0px 0px 0px 0px;\nborder-radius:0px 0px 0px 0px;\npadding:0px 0px 0px 0px;\n}\n<\/style>\n<div class='flex_column av-av_one_full-15d750bd1b332b34c6e70b077ebbccdf av_one_full  avia-builder-el-1  el_before_av_hr  avia-builder-el-first  first flex_column_div av-zero-column-padding '     ><p>\n<style type=\"text\/css\" data-created_by=\"avia_inline_auto\" id=\"style-css-av-av_heading-dfbd13f1ea1826c0302bb3467105df4b\">\n#top .av-special-heading.av-av_heading-dfbd13f1ea1826c0302bb3467105df4b{\npadding-bottom:10px;\n}\nbody .av-special-heading.av-av_heading-dfbd13f1ea1826c0302bb3467105df4b .av-special-heading-tag .heading-char{\nfont-size:25px;\n}\n.av-special-heading.av-av_heading-dfbd13f1ea1826c0302bb3467105df4b .av-subheading{\nfont-size:16px;\n}\n<\/style>\n<div  class='av-special-heading av-av_heading-dfbd13f1ea1826c0302bb3467105df4b av-special-heading-h1 custom-color-heading blockquote modern-quote  avia-builder-el-2  el_before_av_textblock  avia-builder-el-first '><h1 class='av-special-heading-tag'  itemprop=\"headline\"  >APPEL\u00c9E PAR TON NOM : MARIE<\/h1><div class=\"special-heading-border\"><div class=\"special-heading-inner-border\"><\/div><\/div><\/div><br \/>\n<section  class='av_textblock_section av-av_textblock-2de302bf1aa3cf4c9157dbe6f50ac7eb'  itemscope=\"itemscope\" itemtype=\"https:\/\/schema.org\/CreativeWork\" ><div class='avia_textblock'  itemprop=\"text\" ><p>L\u2019exposition bilingue \u00bbAppel\u00e9e par ton nom : Marie\u00ab veut \u00eatre un point de d\u00e9part pour explorer l\u2019histoire des noms et des \u00e9glises, des hommes et des lieux, en prenant l\u2019exemple de Marie \u2013 pour arriver finalement \u00e0 son propre nom : Nele ou Lisa, Linus ou Finn. Elle montre la vie de Marie, m\u00e8re de J\u00e9sus Christ, portant sa couleur iconographique le bleu, illustr\u00e9e par des images c\u00e9l\u00e8bres comme la \u00bbMadonne Sixtine\u00ab de Rapha\u00ebl ou la \u00bbPiet\u00e1 Romaine\u00ab de Michel l\u2019Ange. En r\u00e9fl\u00e9chissant au contexte du sujet, le visiteur est invit\u00e9 \u00e0 percevoir lieu, histoire et nom comme une part de sa propre identit\u00e9, enchass\u00e9e dans un cadre supra-r\u00e9gional europ\u00e9en. L\u2019exposition con\u00e7ue pour des groupes scolaires et des adultes a \u00e9t\u00e9 initi\u00e9e par le Bureau Culturel du Conseil de l\u2019EKD (\u00c9glise \u00c9vang\u00e9lique d\u2019Allemagne), avec le soutien des Charg\u00e9s de Mission du gouvernement f\u00e9d\u00e9ral pour la Culture et les M\u00e9dias, en coop\u00e9ration avec la fondation Guardini, dans le cadre de la premi\u00e8re \u00e9dition de l\u2019Ann\u00e9e Europ\u00e9enne de l\u2019H\u00e9ritage Culturel 2018 \u00bbSharing Heritage\u00ab.<\/p>\n<\/div><\/section><br \/>\n\n<style type=\"text\/css\" data-created_by=\"avia_inline_auto\" id=\"style-css-av-av_heading-53ce6215deea367e2c2a8417c35bd4a0\">\n#top .av-special-heading.av-av_heading-53ce6215deea367e2c2a8417c35bd4a0{\npadding-bottom:10px;\n}\nbody .av-special-heading.av-av_heading-53ce6215deea367e2c2a8417c35bd4a0 .av-special-heading-tag .heading-char{\nfont-size:25px;\n}\n.av-special-heading.av-av_heading-53ce6215deea367e2c2a8417c35bd4a0 .av-subheading{\nfont-size:16px;\n}\n<\/style>\n<div  class='av-special-heading av-av_heading-53ce6215deea367e2c2a8417c35bd4a0 av-special-heading-h1 custom-color-heading blockquote modern-quote  avia-builder-el-4  el_after_av_textblock  el_before_av_textblock '><h1 class='av-special-heading-tag'  itemprop=\"headline\"  >APPEL\u00c9 PAR TON NOM : NICOLAS<\/h1><div class=\"special-heading-border\"><div class=\"special-heading-inner-border\"><\/div><\/div><\/div><br \/>\n<section  class='av_textblock_section av-av_textblock-2de302bf1aa3cf4c9157dbe6f50ac7eb'  itemscope=\"itemscope\" itemtype=\"https:\/\/schema.org\/CreativeWork\" ><div class='avia_textblock'  itemprop=\"text\" ><p>L\u2019exposition bilingue \u00bbAppel\u00e9 par ton nom : Nicolas\u00ab veut \u00eatre un point de d\u00e9part pour explorer l\u2019histoire des noms et des \u00e9glises, des hommes et des lieux, en prenant l\u2019exemple de Nicolas \u2013 pour arriver finalement \u00e0 son propre nom : Nele ou Lisa, Linus ou Finn. Elle parle de Nicolas de Myre, le g\u00e9n\u00e9reux donateur du 6 d\u00e9cembre, portant \u00bbsa\u00ab couleur rouge, avec des illustrations provenant des sc\u00e8nes repr\u00e9sent\u00e9es sur le \u00bbRetable de P\u00e9rouse\u00ab et sur le retable Saint-Nicolas de la ville thuringienne de M\u00fchlhausen. En r\u00e9fl\u00e9chissant au contexte du sujet, le visiteur est invit\u00e9 \u00e0 percevoir lieu, histoire et nom comme une part de sa propre identit\u00e9, enchass\u00e9e dans un cadre supra-r\u00e9gional europ\u00e9en. L\u2019exposition con\u00e7ue pour des groupes scolaires et des adultes a \u00e9t\u00e9 initi\u00e9e par le Bureau Culturel du Conseil de l\u2019EKD (\u00c9glise \u00c9vang\u00e9lique d\u2019Allemagne), avec le soutien des Charg\u00e9s de Mission du gouvernement f\u00e9d\u00e9ral pour la Culture et les M\u00e9dias, en coop\u00e9ration avec la fondation Guardini, dans le cadre de la premi\u00e8re \u00e9dition de l\u2019Ann\u00e9e Europ\u00e9enne de l\u2019H\u00e9ritage Culturel 2018 \u00bbSharing Heritage\u00ab.<\/p>\n<\/div><\/section><br \/>\n\n<style type=\"text\/css\" data-created_by=\"avia_inline_auto\" id=\"style-css-av-av_hr-4474f20d2389e2e5ecf918a02da5132e\">\n#top .hr.hr-invisible.av-av_hr-4474f20d2389e2e5ecf918a02da5132e{\nheight:50px;\n}\n<\/style>\n<div  class='hr av-av_hr-4474f20d2389e2e5ecf918a02da5132e hr-invisible  avia-builder-el-6  el_after_av_textblock  el_before_av_button '><span class='hr-inner '><span class=\"hr-inner-style\"><\/span><\/span><\/div><br \/>\n<div  class='avia-button-wrap av-av_button-6ac24740b65061725c09bb5dbb4297d0-wrap avia-button-left  avia-builder-el-7  el_after_av_hr  el_before_av_button '><a href='http:\/\/bei-deinem-namen-genannt.eu\/wp-content\/uploads\/2018\/08\/Bei-Deinem-Namen_echy2018_PM-langA-EKDkulturbuero2018.pdf' class='avia-button av-av_button-6ac24740b65061725c09bb5dbb4297d0 avia-icon_select-yes-left-icon avia-size-x-large avia-position-left avia-color-theme-color' target=\"_blank\" rel=\"noopener noreferrer\"><span class='avia_button_icon avia_button_icon_left' aria-hidden='true' data-av_icon='\ue823' data-av_iconfont='entypo-fontello'><\/span><span class='avia_iconbox_title' >T\u00e9l\u00e9charger communiqu\u00e9 de presse A, alemand<\/span><\/a><\/div><br \/>\n<div  class='avia-button-wrap av-av_button-5ab5a95e48d0ae41e9b19b5f0b5dbd51-wrap avia-button-left  avia-builder-el-8  el_after_av_button  el_before_av_hr '><a href='http:\/\/bei-deinem-namen-genannt.eu\/wp-content\/uploads\/2018\/08\/Bei-Deinem-Namen_echy2018_PM-langB-EKDkulturbuero2018.pdf' class='avia-button av-av_button-5ab5a95e48d0ae41e9b19b5f0b5dbd51 avia-icon_select-yes-left-icon avia-size-x-large avia-position-left avia-color-theme-color' target=\"_blank\" rel=\"noopener noreferrer\"><span class='avia_button_icon avia_button_icon_left' aria-hidden='true' data-av_icon='\ue823' data-av_iconfont='entypo-fontello'><\/span><span class='avia_iconbox_title' >T\u00e9l\u00e9charger communiqu\u00e9 de presse B, alemand<\/span><\/a><\/div><br \/>\n\n<style type=\"text\/css\" data-created_by=\"avia_inline_auto\" id=\"style-css-av-av_hr-4474f20d2389e2e5ecf918a02da5132e\">\n#top .hr.hr-invisible.av-av_hr-4474f20d2389e2e5ecf918a02da5132e{\nheight:50px;\n}\n<\/style>\n<div  class='hr av-av_hr-4474f20d2389e2e5ecf918a02da5132e hr-invisible  avia-builder-el-9  el_after_av_button  el_before_av_heading '><span class='hr-inner '><span class=\"hr-inner-style\"><\/span><\/span><\/div><br \/>\n\n<style type=\"text\/css\" data-created_by=\"avia_inline_auto\" id=\"style-css-av-av_heading-05f9f3f78188a328fbd00120e9fbf729\">\n#top .av-special-heading.av-av_heading-05f9f3f78188a328fbd00120e9fbf729{\npadding-bottom:10px;\n}\nbody .av-special-heading.av-av_heading-05f9f3f78188a328fbd00120e9fbf729 .av-special-heading-tag .heading-char{\nfont-size:25px;\n}\n.av-special-heading.av-av_heading-05f9f3f78188a328fbd00120e9fbf729 .av-subheading{\nfont-size:16px;\n}\n<\/style>\n<div  class='av-special-heading av-av_heading-05f9f3f78188a328fbd00120e9fbf729 av-special-heading-h1 custom-color-heading blockquote modern-quote  avia-builder-el-10  el_after_av_hr  el_before_av_textblock '><h1 class='av-special-heading-tag'  itemprop=\"headline\"  >Contact<\/h1><div class=\"special-heading-border\"><div class=\"special-heading-inner-border\"><\/div><\/div><\/div><br \/>\n<section  class='av_textblock_section av-av_textblock-2de302bf1aa3cf4c9157dbe6f50ac7eb'  itemscope=\"itemscope\" itemtype=\"https:\/\/schema.org\/CreativeWork\" ><div class='avia_textblock'  itemprop=\"text\" ><p>Klaus-Martin Bresgott, D\u00e9veloppement et Direction de Projet<br \/>\nE-Mail: <a href=\"mailto:klaus-martin.bresgott@ekd.de\">klaus-martin.bresgott@ekd.de<\/a><\/p>\n<p>Angelika Beer, Relations publiques<br \/>\nE-Mail: <a href=\"mailto:angelika.beer@ekd.de\">angelika.beer@ekd.de<\/a><\/p>\n<p><a href=\"http:\/\/kulturkirchen.org\" target=\"_blank\" rel=\"noopener\">kulturkirchen.org<\/a><\/p>\n<p><a href=\"http:\/\/facebook.com\/EKDkultur\/\" target=\"_blank\" rel=\"noopener\">facebook.com\/EKDkultur\/<\/a><\/p>\n<\/div><\/section><\/p><\/div>\n<style type=\"text\/css\" data-created_by=\"avia_inline_auto\" id=\"style-css-av-av_hr-4474f20d2389e2e5ecf918a02da5132e\">\n#top .hr.hr-invisible.av-av_hr-4474f20d2389e2e5ecf918a02da5132e{\nheight:50px;\n}\n<\/style>\n<div  class='hr av-av_hr-4474f20d2389e2e5ecf918a02da5132e hr-invisible  avia-builder-el-12  el_after_av_one_full  avia-builder-el-last '><span class='hr-inner '><span class=\"hr-inner-style\"><\/span><\/span><\/div>\n<\/div><\/div><\/main><!-- close content main element --><\/div><\/div><div id='after_section_1'  class='main_color av_default_container_wrap container_wrap sidebar_right'  ><div class='container av-section-cont-open' ><div class='template-page content  av-content-small alpha units'><div class='post-entry post-entry-type-page post-entry-1628'><div class='entry-content-wrapper clearfix'>\n","protected":false},"excerpt":{"rendered":"","protected":false},"author":1,"featured_media":0,"parent":0,"menu_order":0,"comment_status":"closed","ping_status":"closed","template":"","meta":{"footnotes":""},"class_list":["post-1628","page","type-page","status-publish","hentry"],"yoast_head":"<!-- This site is optimized with the Yoast SEO plugin v25.5 - https:\/\/yoast.com\/wordpress\/plugins\/seo\/ -->\n<title>PRESSE - Bei Deinem Namen genannt: Maria und Nikolaus<\/title>\n<meta name=\"robots\" content=\"index, follow, max-snippet:-1, max-image-preview:large, max-video-preview:-1\" \/>\n<link rel=\"canonical\" href=\"https:\/\/bei-deinem-namen-genannt.eu\/pressematerial\/\" \/>\n<meta property=\"og:locale\" content=\"fr_FR\" \/>\n<meta property=\"og:type\" content=\"article\" \/>\n<meta property=\"og:title\" content=\"PRESSE - Bei Deinem Namen genannt: Maria und Nikolaus\" \/>\n<meta property=\"og:url\" content=\"https:\/\/bei-deinem-namen-genannt.eu\/pressematerial\/\" \/>\n<meta property=\"og:site_name\" content=\"Bei Deinem Namen genannt: Maria und Nikolaus\" \/>\n<meta property=\"article:modified_time\" content=\"2018-08-14T08:39:36+00:00\" \/>\n<meta name=\"twitter:card\" content=\"summary_large_image\" \/>\n<meta name=\"twitter:label1\" content=\"Dur\u00e9e de lecture estim\u00e9e\" \/>\n\t<meta name=\"twitter:data1\" content=\"5 minutes\" \/>\n<script type=\"application\/ld+json\" class=\"yoast-schema-graph\">{\"@context\":\"https:\/\/schema.org\",\"@graph\":[{\"@type\":\"WebPage\",\"@id\":\"https:\/\/bei-deinem-namen-genannt.eu\/pressematerial\/\",\"url\":\"https:\/\/bei-deinem-namen-genannt.eu\/pressematerial\/\",\"name\":\"PRESSE - Bei Deinem Namen genannt: Maria und Nikolaus\",\"isPartOf\":{\"@id\":\"https:\/\/bei-deinem-namen-genannt.eu\/#website\"},\"datePublished\":\"2018-03-29T09:03:57+00:00\",\"dateModified\":\"2018-08-14T08:39:36+00:00\",\"breadcrumb\":{\"@id\":\"https:\/\/bei-deinem-namen-genannt.eu\/pressematerial\/#breadcrumb\"},\"inLanguage\":\"fr-FR\",\"potentialAction\":[{\"@type\":\"ReadAction\",\"target\":[\"https:\/\/bei-deinem-namen-genannt.eu\/pressematerial\/\"]}]},{\"@type\":\"BreadcrumbList\",\"@id\":\"https:\/\/bei-deinem-namen-genannt.eu\/pressematerial\/#breadcrumb\",\"itemListElement\":[{\"@type\":\"ListItem\",\"position\":1,\"name\":\"Startseite\",\"item\":\"https:\/\/bei-deinem-namen-genannt.eu\/allgemein\/\"},{\"@type\":\"ListItem\",\"position\":2,\"name\":\"PRESSE\"}]},{\"@type\":\"WebSite\",\"@id\":\"https:\/\/bei-deinem-namen-genannt.eu\/#website\",\"url\":\"https:\/\/bei-deinem-namen-genannt.eu\/\",\"name\":\"Bei Deinem Namen genannt: Maria und Nikolaus\",\"description\":\"Europ\u00e4isches Kulturerbejahr 2018 \u00bbSharing Heritage\u00ab\",\"potentialAction\":[{\"@type\":\"SearchAction\",\"target\":{\"@type\":\"EntryPoint\",\"urlTemplate\":\"https:\/\/bei-deinem-namen-genannt.eu\/?s={search_term_string}\"},\"query-input\":{\"@type\":\"PropertyValueSpecification\",\"valueRequired\":true,\"valueName\":\"search_term_string\"}}],\"inLanguage\":\"fr-FR\"}]}<\/script>\n<!-- \/ Yoast SEO plugin. -->","yoast_head_json":{"title":"PRESSE - Bei Deinem Namen genannt: Maria und Nikolaus","robots":{"index":"index","follow":"follow","max-snippet":"max-snippet:-1","max-image-preview":"max-image-preview:large","max-video-preview":"max-video-preview:-1"},"canonical":"https:\/\/bei-deinem-namen-genannt.eu\/pressematerial\/","og_locale":"fr_FR","og_type":"article","og_title":"PRESSE - Bei Deinem Namen genannt: Maria und Nikolaus","og_url":"https:\/\/bei-deinem-namen-genannt.eu\/pressematerial\/","og_site_name":"Bei Deinem Namen genannt: Maria und Nikolaus","article_modified_time":"2018-08-14T08:39:36+00:00","twitter_card":"summary_large_image","twitter_misc":{"Dur\u00e9e de lecture estim\u00e9e":"5 minutes"},"schema":{"@context":"https:\/\/schema.org","@graph":[{"@type":"WebPage","@id":"https:\/\/bei-deinem-namen-genannt.eu\/pressematerial\/","url":"https:\/\/bei-deinem-namen-genannt.eu\/pressematerial\/","name":"PRESSE - Bei Deinem Namen genannt: Maria und Nikolaus","isPartOf":{"@id":"https:\/\/bei-deinem-namen-genannt.eu\/#website"},"datePublished":"2018-03-29T09:03:57+00:00","dateModified":"2018-08-14T08:39:36+00:00","breadcrumb":{"@id":"https:\/\/bei-deinem-namen-genannt.eu\/pressematerial\/#breadcrumb"},"inLanguage":"fr-FR","potentialAction":[{"@type":"ReadAction","target":["https:\/\/bei-deinem-namen-genannt.eu\/pressematerial\/"]}]},{"@type":"BreadcrumbList","@id":"https:\/\/bei-deinem-namen-genannt.eu\/pressematerial\/#breadcrumb","itemListElement":[{"@type":"ListItem","position":1,"name":"Startseite","item":"https:\/\/bei-deinem-namen-genannt.eu\/allgemein\/"},{"@type":"ListItem","position":2,"name":"PRESSE"}]},{"@type":"WebSite","@id":"https:\/\/bei-deinem-namen-genannt.eu\/#website","url":"https:\/\/bei-deinem-namen-genannt.eu\/","name":"Bei Deinem Namen genannt: Maria und Nikolaus","description":"Europ\u00e4isches Kulturerbejahr 2018 \u00bbSharing Heritage\u00ab","potentialAction":[{"@type":"SearchAction","target":{"@type":"EntryPoint","urlTemplate":"https:\/\/bei-deinem-namen-genannt.eu\/?s={search_term_string}"},"query-input":{"@type":"PropertyValueSpecification","valueRequired":true,"valueName":"search_term_string"}}],"inLanguage":"fr-FR"}]}},"_links":{"self":[{"href":"https:\/\/bei-deinem-namen-genannt.eu\/fr\/wp-json\/wp\/v2\/pages\/1628","targetHints":{"allow":["GET"]}}],"collection":[{"href":"https:\/\/bei-deinem-namen-genannt.eu\/fr\/wp-json\/wp\/v2\/pages"}],"about":[{"href":"https:\/\/bei-deinem-namen-genannt.eu\/fr\/wp-json\/wp\/v2\/types\/page"}],"author":[{"embeddable":true,"href":"https:\/\/bei-deinem-namen-genannt.eu\/fr\/wp-json\/wp\/v2\/users\/1"}],"replies":[{"embeddable":true,"href":"https:\/\/bei-deinem-namen-genannt.eu\/fr\/wp-json\/wp\/v2\/comments?post=1628"}],"version-history":[{"count":7,"href":"https:\/\/bei-deinem-namen-genannt.eu\/fr\/wp-json\/wp\/v2\/pages\/1628\/revisions"}],"predecessor-version":[{"id":1893,"href":"https:\/\/bei-deinem-namen-genannt.eu\/fr\/wp-json\/wp\/v2\/pages\/1628\/revisions\/1893"}],"wp:attachment":[{"href":"https:\/\/bei-deinem-namen-genannt.eu\/fr\/wp-json\/wp\/v2\/media?parent=1628"}],"curies":[{"name":"wp","href":"https:\/\/api.w.org\/{rel}","templated":true}]}}