{"id":1663,"date":"2018-03-28T13:09:47","date_gmt":"2018-03-28T11:09:47","guid":{"rendered":"http:\/\/bei-deinem-namen-genannt.eu\/schule\/"},"modified":"2018-08-14T10:33:43","modified_gmt":"2018-08-14T08:33:43","slug":"ecoles","status":"publish","type":"page","link":"https:\/\/bei-deinem-namen-genannt.eu\/fr\/ecoles\/","title":{"rendered":"\u00c9COLES"},"content":{"rendered":"<div id='av_section_1'  class='avia-section av-av_section-f3892e610ee9633c68397830e8f2c661 main_color avia-section-default avia-no-border-styling  avia-builder-el-0  avia-builder-el-no-sibling  avia-bg-style-scroll container_wrap sidebar_right'  ><div class='container av-section-cont-open' ><main  role=\"main\" itemprop=\"mainContentOfPage\"  class='template-page content  av-content-small alpha units'><div class='post-entry post-entry-type-page post-entry-1663'><div class='entry-content-wrapper clearfix'>\n\n<style type=\"text\/css\" data-created_by=\"avia_inline_auto\" id=\"style-css-av-av_one_full-15d750bd1b332b34c6e70b077ebbccdf\">\n.flex_column.av-av_one_full-15d750bd1b332b34c6e70b077ebbccdf{\n-webkit-border-radius:0px 0px 0px 0px;\n-moz-border-radius:0px 0px 0px 0px;\nborder-radius:0px 0px 0px 0px;\npadding:0px 0px 0px 0px;\n}\n<\/style>\n<div class='flex_column av-av_one_full-15d750bd1b332b34c6e70b077ebbccdf av_one_full  avia-builder-el-1  avia-builder-el-no-sibling  first flex_column_div av-zero-column-padding '     ><p>\n<style type=\"text\/css\" data-created_by=\"avia_inline_auto\" id=\"style-css-av-av_heading-1107bafcb1ecadf222490764fe5c2fbe\">\n#top .av-special-heading.av-av_heading-1107bafcb1ecadf222490764fe5c2fbe{\npadding-bottom:10px;\n}\nbody .av-special-heading.av-av_heading-1107bafcb1ecadf222490764fe5c2fbe .av-special-heading-tag .heading-char{\nfont-size:25px;\n}\n.av-special-heading.av-av_heading-1107bafcb1ecadf222490764fe5c2fbe .av-subheading{\nfont-size:16px;\n}\n<\/style>\n<div  class='av-special-heading av-av_heading-1107bafcb1ecadf222490764fe5c2fbe av-special-heading-h1 custom-color-heading blockquote modern-quote  avia-builder-el-2  el_before_av_textblock  avia-builder-el-first '><h1 class='av-special-heading-tag'  itemprop=\"headline\"  >Lehrmaterial<\/h1><div class=\"special-heading-border\"><div class=\"special-heading-inner-border\"><\/div><\/div><\/div><br \/>\n<section  class='av_textblock_section av-av_textblock-2de302bf1aa3cf4c9157dbe6f50ac7eb'  itemscope=\"itemscope\" itemtype=\"https:\/\/schema.org\/CreativeWork\" ><div class='avia_textblock'  itemprop=\"text\" ><p>Je nach verf\u00fcgbarer Zeit lassen sich einzelne Module des Lehrmaterials (siehe Download) bearbeiten, die nach und nach auch weiter in der Schule, mit Hilfe des Ausstellungsheftes oder durch wiederholten Besuch erg\u00e4nzt werden k\u00f6nnen. Die Reihenfolge der Besch\u00e4ftigung geht thematisch von \u00bbBei Meinem Namen genannt: Ich\u00ab zu \u00bbBei Deinem Namen genannt: Maria und Nikolaus\u00ab beziehungsweise \u00bbBei Deinem Namen genannt: Du\u00ab. Dahinter steht das Ziel, in der Wahrnehmung vom \u00bbIch\u00ab zum \u00bbDu\u00ab und zum \u00bbWir\u00ab zu gelangen, von der eigenen Geschichte zum europ\u00e4ischen Erbe. M\u00f6glich ist aber auch eine alternative Reihenfolge, die vom allgemein abstrakten Thema hin zum konkret eigenen Thema f\u00fchrt.<\/p>\n<\/div><\/section><br \/>\n\n<style type=\"text\/css\" data-created_by=\"avia_inline_auto\" id=\"style-css-av-av_hr-4474f20d2389e2e5ecf918a02da5132e\">\n#top .hr.hr-invisible.av-av_hr-4474f20d2389e2e5ecf918a02da5132e{\nheight:50px;\n}\n<\/style>\n<div  class='hr av-av_hr-4474f20d2389e2e5ecf918a02da5132e hr-invisible  avia-builder-el-4  el_after_av_textblock  el_before_av_button '><span class='hr-inner '><span class=\"hr-inner-style\"><\/span><\/span><\/div><br \/>\n<div  class='avia-button-wrap av-av_button-f39237df2bdb4d93878e65448b978bcd-wrap avia-button-left  avia-builder-el-5  el_after_av_hr  el_before_av_hr '><a href='http:\/\/bei-deinem-namen-genannt.eu\/wp-content\/uploads\/2018\/08\/Bei-Deinem-Namen_echy2018_LEHRMATERIAL-EKDkulturbuero2018.pdf' class='avia-button av-av_button-f39237df2bdb4d93878e65448b978bcd avia-icon_select-yes-left-icon avia-size-x-large avia-position-left avia-color-theme-color' target=\"_blank\" rel=\"noopener noreferrer\"><span class='avia_button_icon avia_button_icon_left' aria-hidden='true' data-av_icon='\ue823' data-av_iconfont='entypo-fontello'><\/span><span class='avia_iconbox_title' >T\u00e9l\u00e9charger mat\u00e9riel d\u2019apprentissage, alemand<\/span><\/a><\/div><br \/>\n\n<style type=\"text\/css\" data-created_by=\"avia_inline_auto\" id=\"style-css-av-av_hr-4474f20d2389e2e5ecf918a02da5132e\">\n#top .hr.hr-invisible.av-av_hr-4474f20d2389e2e5ecf918a02da5132e{\nheight:50px;\n}\n<\/style>\n<div  class='hr av-av_hr-4474f20d2389e2e5ecf918a02da5132e hr-invisible  avia-builder-el-6  el_after_av_button  el_before_av_heading '><span class='hr-inner '><span class=\"hr-inner-style\"><\/span><\/span><\/div><br \/>\n\n<style type=\"text\/css\" data-created_by=\"avia_inline_auto\" id=\"style-css-av-av_heading-05f9f3f78188a328fbd00120e9fbf729\">\n#top .av-special-heading.av-av_heading-05f9f3f78188a328fbd00120e9fbf729{\npadding-bottom:10px;\n}\nbody .av-special-heading.av-av_heading-05f9f3f78188a328fbd00120e9fbf729 .av-special-heading-tag .heading-char{\nfont-size:25px;\n}\n.av-special-heading.av-av_heading-05f9f3f78188a328fbd00120e9fbf729 .av-subheading{\nfont-size:16px;\n}\n<\/style>\n<div  class='av-special-heading av-av_heading-05f9f3f78188a328fbd00120e9fbf729 av-special-heading-h1 custom-color-heading blockquote modern-quote  avia-builder-el-7  el_after_av_hr  el_before_av_textblock '><h1 class='av-special-heading-tag'  itemprop=\"headline\"  >Contact<\/h1><div class=\"special-heading-border\"><div class=\"special-heading-inner-border\"><\/div><\/div><\/div><br \/>\n<section  class='av_textblock_section av-av_textblock-2de302bf1aa3cf4c9157dbe6f50ac7eb'  itemscope=\"itemscope\" itemtype=\"https:\/\/schema.org\/CreativeWork\" ><div class='avia_textblock'  itemprop=\"text\" ><p>Klaus-Martin Bresgott, D\u00e9veloppement et Direction de Projet<br \/>\nE-Mail: <a href=\"mailto:klaus-martin.bresgott@ekd.de\">klaus-martin.bresgott@ekd.de<\/a><\/p>\n<p>Angelika Beer, Relations publiques<br \/>\nE-Mail: <a href=\"mailto:angelika.beer@ekd.de\">angelika.beer@ekd.de<\/a><\/p>\n<p><a href=\"http:\/\/kulturkirchen.org\" target=\"_blank\" rel=\"noopener\">kulturkirchen.org<\/a><\/p>\n<p><a href=\"http:\/\/facebook.com\/EKDkultur\/\" target=\"_blank\" rel=\"noopener\">facebook.com\/EKDkultur\/<\/a><\/p>\n<\/div><\/section><br \/>\n\n<style type=\"text\/css\" data-created_by=\"avia_inline_auto\" id=\"style-css-av-av_hr-4474f20d2389e2e5ecf918a02da5132e\">\n#top .hr.hr-invisible.av-av_hr-4474f20d2389e2e5ecf918a02da5132e{\nheight:50px;\n}\n<\/style>\n<div  class='hr av-av_hr-4474f20d2389e2e5ecf918a02da5132e hr-invisible  avia-builder-el-9  el_after_av_textblock  avia-builder-el-last '><span class='hr-inner '><span class=\"hr-inner-style\"><\/span><\/span><\/div><\/p><\/div><\/div><\/div><\/main><!-- close content main element --><\/div><\/div><div id='after_section_1'  class='main_color av_default_container_wrap container_wrap sidebar_right'  ><div class='container av-section-cont-open' ><div class='template-page content  av-content-small alpha units'><div class='post-entry post-entry-type-page post-entry-1663'><div class='entry-content-wrapper clearfix'>\n","protected":false},"excerpt":{"rendered":"","protected":false},"author":1,"featured_media":0,"parent":0,"menu_order":0,"comment_status":"closed","ping_status":"closed","template":"","meta":{"footnotes":""},"class_list":["post-1663","page","type-page","status-publish","hentry"],"yoast_head":"<!-- This site is optimized with the Yoast SEO plugin v25.5 - https:\/\/yoast.com\/wordpress\/plugins\/seo\/ -->\n<title>\u00c9COLES - Bei Deinem Namen genannt: Maria und Nikolaus<\/title>\n<meta name=\"robots\" content=\"index, follow, max-snippet:-1, max-image-preview:large, max-video-preview:-1\" \/>\n<link rel=\"canonical\" href=\"https:\/\/bei-deinem-namen-genannt.eu\/ecoles\/\" \/>\n<meta property=\"og:locale\" content=\"fr_FR\" \/>\n<meta property=\"og:type\" content=\"article\" \/>\n<meta property=\"og:title\" content=\"\u00c9COLES - Bei Deinem Namen genannt: Maria und Nikolaus\" \/>\n<meta property=\"og:url\" content=\"https:\/\/bei-deinem-namen-genannt.eu\/ecoles\/\" \/>\n<meta property=\"og:site_name\" content=\"Bei Deinem Namen genannt: Maria und Nikolaus\" \/>\n<meta property=\"article:modified_time\" content=\"2018-08-14T08:33:43+00:00\" \/>\n<meta name=\"twitter:card\" content=\"summary_large_image\" \/>\n<meta name=\"twitter:label1\" content=\"Dur\u00e9e de lecture estim\u00e9e\" \/>\n\t<meta name=\"twitter:data1\" content=\"3 minutes\" \/>\n<script type=\"application\/ld+json\" class=\"yoast-schema-graph\">{\"@context\":\"https:\/\/schema.org\",\"@graph\":[{\"@type\":\"WebPage\",\"@id\":\"https:\/\/bei-deinem-namen-genannt.eu\/ecoles\/\",\"url\":\"https:\/\/bei-deinem-namen-genannt.eu\/ecoles\/\",\"name\":\"\u00c9COLES - Bei Deinem Namen genannt: Maria und Nikolaus\",\"isPartOf\":{\"@id\":\"https:\/\/bei-deinem-namen-genannt.eu\/#website\"},\"datePublished\":\"2018-03-28T11:09:47+00:00\",\"dateModified\":\"2018-08-14T08:33:43+00:00\",\"breadcrumb\":{\"@id\":\"https:\/\/bei-deinem-namen-genannt.eu\/ecoles\/#breadcrumb\"},\"inLanguage\":\"fr-FR\",\"potentialAction\":[{\"@type\":\"ReadAction\",\"target\":[\"https:\/\/bei-deinem-namen-genannt.eu\/ecoles\/\"]}]},{\"@type\":\"BreadcrumbList\",\"@id\":\"https:\/\/bei-deinem-namen-genannt.eu\/ecoles\/#breadcrumb\",\"itemListElement\":[{\"@type\":\"ListItem\",\"position\":1,\"name\":\"Startseite\",\"item\":\"https:\/\/bei-deinem-namen-genannt.eu\/allgemein\/\"},{\"@type\":\"ListItem\",\"position\":2,\"name\":\"\u00c9COLES\"}]},{\"@type\":\"WebSite\",\"@id\":\"https:\/\/bei-deinem-namen-genannt.eu\/#website\",\"url\":\"https:\/\/bei-deinem-namen-genannt.eu\/\",\"name\":\"Bei Deinem Namen genannt: Maria und Nikolaus\",\"description\":\"Europ\u00e4isches Kulturerbejahr 2018 \u00bbSharing Heritage\u00ab\",\"potentialAction\":[{\"@type\":\"SearchAction\",\"target\":{\"@type\":\"EntryPoint\",\"urlTemplate\":\"https:\/\/bei-deinem-namen-genannt.eu\/?s={search_term_string}\"},\"query-input\":{\"@type\":\"PropertyValueSpecification\",\"valueRequired\":true,\"valueName\":\"search_term_string\"}}],\"inLanguage\":\"fr-FR\"}]}<\/script>\n<!-- \/ Yoast SEO plugin. -->","yoast_head_json":{"title":"\u00c9COLES - Bei Deinem Namen genannt: Maria und Nikolaus","robots":{"index":"index","follow":"follow","max-snippet":"max-snippet:-1","max-image-preview":"max-image-preview:large","max-video-preview":"max-video-preview:-1"},"canonical":"https:\/\/bei-deinem-namen-genannt.eu\/ecoles\/","og_locale":"fr_FR","og_type":"article","og_title":"\u00c9COLES - Bei Deinem Namen genannt: Maria und Nikolaus","og_url":"https:\/\/bei-deinem-namen-genannt.eu\/ecoles\/","og_site_name":"Bei Deinem Namen genannt: Maria und Nikolaus","article_modified_time":"2018-08-14T08:33:43+00:00","twitter_card":"summary_large_image","twitter_misc":{"Dur\u00e9e de lecture estim\u00e9e":"3 minutes"},"schema":{"@context":"https:\/\/schema.org","@graph":[{"@type":"WebPage","@id":"https:\/\/bei-deinem-namen-genannt.eu\/ecoles\/","url":"https:\/\/bei-deinem-namen-genannt.eu\/ecoles\/","name":"\u00c9COLES - Bei Deinem Namen genannt: Maria und Nikolaus","isPartOf":{"@id":"https:\/\/bei-deinem-namen-genannt.eu\/#website"},"datePublished":"2018-03-28T11:09:47+00:00","dateModified":"2018-08-14T08:33:43+00:00","breadcrumb":{"@id":"https:\/\/bei-deinem-namen-genannt.eu\/ecoles\/#breadcrumb"},"inLanguage":"fr-FR","potentialAction":[{"@type":"ReadAction","target":["https:\/\/bei-deinem-namen-genannt.eu\/ecoles\/"]}]},{"@type":"BreadcrumbList","@id":"https:\/\/bei-deinem-namen-genannt.eu\/ecoles\/#breadcrumb","itemListElement":[{"@type":"ListItem","position":1,"name":"Startseite","item":"https:\/\/bei-deinem-namen-genannt.eu\/allgemein\/"},{"@type":"ListItem","position":2,"name":"\u00c9COLES"}]},{"@type":"WebSite","@id":"https:\/\/bei-deinem-namen-genannt.eu\/#website","url":"https:\/\/bei-deinem-namen-genannt.eu\/","name":"Bei Deinem Namen genannt: Maria und Nikolaus","description":"Europ\u00e4isches Kulturerbejahr 2018 \u00bbSharing Heritage\u00ab","potentialAction":[{"@type":"SearchAction","target":{"@type":"EntryPoint","urlTemplate":"https:\/\/bei-deinem-namen-genannt.eu\/?s={search_term_string}"},"query-input":{"@type":"PropertyValueSpecification","valueRequired":true,"valueName":"search_term_string"}}],"inLanguage":"fr-FR"}]}},"_links":{"self":[{"href":"https:\/\/bei-deinem-namen-genannt.eu\/fr\/wp-json\/wp\/v2\/pages\/1663","targetHints":{"allow":["GET"]}}],"collection":[{"href":"https:\/\/bei-deinem-namen-genannt.eu\/fr\/wp-json\/wp\/v2\/pages"}],"about":[{"href":"https:\/\/bei-deinem-namen-genannt.eu\/fr\/wp-json\/wp\/v2\/types\/page"}],"author":[{"embeddable":true,"href":"https:\/\/bei-deinem-namen-genannt.eu\/fr\/wp-json\/wp\/v2\/users\/1"}],"replies":[{"embeddable":true,"href":"https:\/\/bei-deinem-namen-genannt.eu\/fr\/wp-json\/wp\/v2\/comments?post=1663"}],"version-history":[{"count":5,"href":"https:\/\/bei-deinem-namen-genannt.eu\/fr\/wp-json\/wp\/v2\/pages\/1663\/revisions"}],"predecessor-version":[{"id":1878,"href":"https:\/\/bei-deinem-namen-genannt.eu\/fr\/wp-json\/wp\/v2\/pages\/1663\/revisions\/1878"}],"wp:attachment":[{"href":"https:\/\/bei-deinem-namen-genannt.eu\/fr\/wp-json\/wp\/v2\/media?parent=1663"}],"curies":[{"name":"wp","href":"https:\/\/api.w.org\/{rel}","templated":true}]}}