{"id":3164,"date":"2018-03-29T11:03:57","date_gmt":"2018-03-29T09:03:57","guid":{"rendered":"http:\/\/bei-deinem-namen-genannt.eu\/pressematerial\/"},"modified":"2018-12-17T12:07:11","modified_gmt":"2018-12-17T11:07:11","slug":"material-prasa","status":"publish","type":"page","link":"https:\/\/bei-deinem-namen-genannt.eu\/pl\/material-prasa\/","title":{"rendered":"materia\u0142 Prasa"},"content":{"rendered":"<div id='av_section_1'  class='avia-section av-av_section-f3892e610ee9633c68397830e8f2c661 main_color avia-section-default avia-no-border-styling  avia-builder-el-0  avia-builder-el-no-sibling  avia-bg-style-scroll container_wrap sidebar_right'  ><div class='container av-section-cont-open' ><main  role=\"main\" itemprop=\"mainContentOfPage\"  class='template-page content  av-content-small alpha units'><div class='post-entry post-entry-type-page post-entry-3164'><div class='entry-content-wrapper clearfix'>\n\n<style type=\"text\/css\" data-created_by=\"avia_inline_auto\" id=\"style-css-av-av_one_full-15d750bd1b332b34c6e70b077ebbccdf\">\n.flex_column.av-av_one_full-15d750bd1b332b34c6e70b077ebbccdf{\n-webkit-border-radius:0px 0px 0px 0px;\n-moz-border-radius:0px 0px 0px 0px;\nborder-radius:0px 0px 0px 0px;\npadding:0px 0px 0px 0px;\n}\n<\/style>\n<div class='flex_column av-av_one_full-15d750bd1b332b34c6e70b077ebbccdf av_one_full  avia-builder-el-1  el_before_av_hr  avia-builder-el-first  first flex_column_div av-zero-column-padding '     ><p>\n<style type=\"text\/css\" data-created_by=\"avia_inline_auto\" id=\"style-css-av-av_heading-85680be2524677bb1c53f999766b0ad5\">\n#top .av-special-heading.av-av_heading-85680be2524677bb1c53f999766b0ad5{\npadding-bottom:10px;\n}\nbody .av-special-heading.av-av_heading-85680be2524677bb1c53f999766b0ad5 .av-special-heading-tag .heading-char{\nfont-size:25px;\n}\n.av-special-heading.av-av_heading-85680be2524677bb1c53f999766b0ad5 .av-subheading{\nfont-size:16px;\n}\n<\/style>\n<div  class='av-special-heading av-av_heading-85680be2524677bb1c53f999766b0ad5 av-special-heading-h1 custom-color-heading blockquote modern-quote  avia-builder-el-2  el_before_av_textblock  avia-builder-el-first '><h1 class='av-special-heading-tag'  itemprop=\"headline\"  >Nazwa\u0142em ci\u0119 twoim imieniem: Maria<\/h1><div class=\"special-heading-border\"><div class=\"special-heading-inner-border\"><\/div><\/div><\/div><br \/>\n<section  class='av_textblock_section av-av_textblock-2de302bf1aa3cf4c9157dbe6f50ac7eb'  itemscope=\"itemscope\" itemtype=\"https:\/\/schema.org\/CreativeWork\" ><div class='avia_textblock'  itemprop=\"text\" ><p>Dwuj\u0119zyczna wystawa \u201eNazwa\u0142em ci\u0119 twoim imieniem: Maria\u201c ma by\u0107 punktem wyj\u015bcia, by na przyk\u0142adzie Marii zapozna\u0107 si\u0119 z histori\u0105 imion i ko\u015bcio\u0142\u00f3w, ludzi i miejsc, i tak dotrze\u0107 do w\u0142asnego imienia: Nele lub Lisa, Linus lub Finn. Wystawa ukazuje \u017cycie Marii, Matki Jezusa Chrystusa, w jej ikonograficznie przyporz\u0105dkowanym kolorze niebieskim, w oprawie ilustracji s\u0142ynnych obraz\u00f3w takich jak \u201eMadonna syksty\u0144ska\u201d Raffaela albo \u201ePieta watyka\u0144ska\u201d Micha\u0142a Anio\u0142a.<br \/>\nMy\u015bli w kontek\u015bcie tematu prowadz\u0105 do poj\u0119cia miejsca, historii i imienia jako cz\u0119\u015bci w\u0142asnej to\u017csamo\u015bci osadzonej w kontek\u015bcie ponadregionalno- europejskim. Wystawa skierowana do grup szkolnych, a tak\u017ce i doros\u0142ych zosta\u0142a zainicjowana przez Biuro Kulturalne Ko\u015bcio\u0142a Ewangelickiego w Niemczech i zrealizowana przy poparciu Rzecznika do Spraw Kultury i Medi\u00f3w Rz\u0105du Republiki Federalnej Niemiec i we wsp\u00f3\u0142pracy z Fundacj\u0105 Guardini. Wystawa odbywa si\u0119 w ramach pierwszego Europejskiego Roku Dziedzictwa Kulturowego 2018 \u201eSharing Heritage\u201d.<\/p>\n<\/div><\/section><br \/>\n\n<style type=\"text\/css\" data-created_by=\"avia_inline_auto\" id=\"style-css-av-av_heading-bfdbb0bf3f923ede1d742510783c197c\">\n#top .av-special-heading.av-av_heading-bfdbb0bf3f923ede1d742510783c197c{\npadding-bottom:10px;\n}\nbody .av-special-heading.av-av_heading-bfdbb0bf3f923ede1d742510783c197c .av-special-heading-tag .heading-char{\nfont-size:25px;\n}\n.av-special-heading.av-av_heading-bfdbb0bf3f923ede1d742510783c197c .av-subheading{\nfont-size:16px;\n}\n<\/style>\n<div  class='av-special-heading av-av_heading-bfdbb0bf3f923ede1d742510783c197c av-special-heading-h1 custom-color-heading blockquote modern-quote  avia-builder-el-4  el_after_av_textblock  el_before_av_textblock '><h1 class='av-special-heading-tag'  itemprop=\"headline\"  >Nazwa\u0142em ci\u0119 twoim imieniem: Miko\u0142aj<\/h1><div class=\"special-heading-border\"><div class=\"special-heading-inner-border\"><\/div><\/div><\/div><br \/>\n<section  class='av_textblock_section av-av_textblock-2de302bf1aa3cf4c9157dbe6f50ac7eb'  itemscope=\"itemscope\" itemtype=\"https:\/\/schema.org\/CreativeWork\" ><div class='avia_textblock'  itemprop=\"text\" ><p>Dwuj\u0119zyczna wystawa \u201eNazwa\u0142em ci\u0119 twoim imieniem:Miko\u0142aj\u201c ma by\u0107 punktem wyj\u015bcia, by na przyk\u0142adzie Miko\u0142aja zapozna\u0107 si\u0119 z histori\u0105 imion i ko\u015bcio\u0142\u00f3w, ludzi i miejsc i tak dotrze\u0107 do w\u0142asnego imienia: Nele lub Lisa, Linus lub Finn. Wystawa opowiada o Miko\u0142aju z Miry, przynosz\u0105cym podarki 6 grudnia, odzianym w przyporz\u0105dkowanym mu kolorze czerwonym, w oprawie ilustracji scen z jego \u017cycia z o\u0142tarza Fra Angelico w Perugii i o\u0142tarza \u015aw. Miko\u0142aja w turynge\u0144skim mie\u015bcie M\u00fchlhausen. My\u015bli w kontek\u015bcie tematu prowadz\u0105 do poj\u0119cia miejsca, historii i imienia jako cz\u0119\u015bci w\u0142asnej to\u017csamo\u015bci osadzonej w kontek\u015bcie ponadregionalno- europejskim. Wystawa skierowana do grup szkolnych, a tak\u017ce i doros\u0142ych zosta\u0142a zainicjowana przez Biuro Kulturalne Ko\u015bcio\u0142a Ewangelickiego w Niemczech i zrealizowana przy poparciu Rzecznika do Spraw Kultury i Medi\u00f3w Rz\u0105du Republiki Federalnej Niemiec i we wsp\u00f3\u0142pracy z Fundacj\u0105 Guardini. Wystawa odbywa si\u0119 w ramach pierwszegoEuropejskiego Roku Dziedzictwa Kulturowego 2018 \u201eSharing Heritage\u201d.<\/p>\n<\/div><\/section><br \/>\n\n<style type=\"text\/css\" data-created_by=\"avia_inline_auto\" id=\"style-css-av-av_hr-4474f20d2389e2e5ecf918a02da5132e\">\n#top .hr.hr-invisible.av-av_hr-4474f20d2389e2e5ecf918a02da5132e{\nheight:50px;\n}\n<\/style>\n<div  class='hr av-av_hr-4474f20d2389e2e5ecf918a02da5132e hr-invisible  avia-builder-el-6  el_after_av_textblock  el_before_av_button '><span class='hr-inner '><span class=\"hr-inner-style\"><\/span><\/span><\/div><br \/>\n<div  class='avia-button-wrap av-av_button-b6401fa07eb708e37b2beb15aac8d54d-wrap avia-button-left  avia-builder-el-7  el_after_av_hr  el_before_av_button '><a href='http:\/\/bei-deinem-namen-genannt.eu\/wp-content\/uploads\/2018\/08\/Bei-Deinem-Namen_echy2018_PM-langA-EKDkulturbuero2018.pdf' class='avia-button av-av_button-b6401fa07eb708e37b2beb15aac8d54d avia-icon_select-yes-left-icon avia-size-x-large avia-position-left avia-color-theme-color' target=\"_blank\" rel=\"noopener noreferrer\"><span class='avia_button_icon avia_button_icon_left' aria-hidden='true' data-av_icon='\ue823' data-av_iconfont='entypo-fontello'><\/span><span class='avia_iconbox_title' > Download Pressemitteilung A<\/span><\/a><\/div><br \/>\n<div  class='avia-button-wrap av-av_button-1225f0224d4fb177b8c9e5b3372734f7-wrap avia-button-left  avia-builder-el-8  el_after_av_button  el_before_av_hr '><a href='http:\/\/bei-deinem-namen-genannt.eu\/wp-content\/uploads\/2018\/08\/Bei-Deinem-Namen_echy2018_PM-langB-EKDkulturbuero2018.pdf' class='avia-button av-av_button-1225f0224d4fb177b8c9e5b3372734f7 avia-icon_select-yes-left-icon avia-size-x-large avia-position-left avia-color-theme-color' target=\"_blank\" rel=\"noopener noreferrer\"><span class='avia_button_icon avia_button_icon_left' aria-hidden='true' data-av_icon='\ue823' data-av_iconfont='entypo-fontello'><\/span><span class='avia_iconbox_title' > Download Pressemitteilung B<\/span><\/a><\/div><br \/>\n\n<style type=\"text\/css\" data-created_by=\"avia_inline_auto\" id=\"style-css-av-av_hr-4474f20d2389e2e5ecf918a02da5132e\">\n#top .hr.hr-invisible.av-av_hr-4474f20d2389e2e5ecf918a02da5132e{\nheight:50px;\n}\n<\/style>\n<div  class='hr av-av_hr-4474f20d2389e2e5ecf918a02da5132e hr-invisible  avia-builder-el-9  el_after_av_button  el_before_av_heading '><span class='hr-inner '><span class=\"hr-inner-style\"><\/span><\/span><\/div><br \/>\n\n<style type=\"text\/css\" data-created_by=\"avia_inline_auto\" id=\"style-css-av-av_heading-7cd3f66f21b12d7471e2186683bc8369\">\n#top .av-special-heading.av-av_heading-7cd3f66f21b12d7471e2186683bc8369{\npadding-bottom:10px;\n}\nbody .av-special-heading.av-av_heading-7cd3f66f21b12d7471e2186683bc8369 .av-special-heading-tag .heading-char{\nfont-size:25px;\n}\n.av-special-heading.av-av_heading-7cd3f66f21b12d7471e2186683bc8369 .av-subheading{\nfont-size:16px;\n}\n<\/style>\n<div  class='av-special-heading av-av_heading-7cd3f66f21b12d7471e2186683bc8369 av-special-heading-h1 custom-color-heading blockquote modern-quote  avia-builder-el-10  el_after_av_hr  el_before_av_textblock '><h1 class='av-special-heading-tag'  itemprop=\"headline\"  >Kontakt<\/h1><div class=\"special-heading-border\"><div class=\"special-heading-inner-border\"><\/div><\/div><\/div><br \/>\n<section  class='av_textblock_section av-av_textblock-2de302bf1aa3cf4c9157dbe6f50ac7eb'  itemscope=\"itemscope\" itemtype=\"https:\/\/schema.org\/CreativeWork\" ><div class='avia_textblock'  itemprop=\"text\" ><p>Klaus- Martin Bresgott, Kierownik Projektu<br \/>\nE-Mail: <a href=\"mailto:klaus-martin.bresgott@ekd.de\">klaus-martin.bresgott@ekd.de<\/a><\/p>\n<p>Angelika Beer, Public relations<br \/>\nE-Mail: <a href=\"mailto:angelika.beer@ekd.de\">angelika.beer@ekd.de<\/a><\/p>\n<p><a href=\"http:\/\/kulturkirchen.org\" target=\"_blank\" rel=\"noopener\">kulturkirchen.org<\/a><\/p>\n<p><a href=\"http:\/\/facebook.com\/EKDkultur\/\" target=\"_blank\" rel=\"noopener\">facebook.com\/EKDkultur\/<\/a><\/p>\n<\/div><\/section><\/p><\/div>\n<style type=\"text\/css\" data-created_by=\"avia_inline_auto\" id=\"style-css-av-av_hr-4474f20d2389e2e5ecf918a02da5132e\">\n#top .hr.hr-invisible.av-av_hr-4474f20d2389e2e5ecf918a02da5132e{\nheight:50px;\n}\n<\/style>\n<div  class='hr av-av_hr-4474f20d2389e2e5ecf918a02da5132e hr-invisible  avia-builder-el-12  el_after_av_one_full  avia-builder-el-last '><span class='hr-inner '><span class=\"hr-inner-style\"><\/span><\/span><\/div>\n<\/div><\/div><\/main><!-- close content main element --><\/div><\/div><div id='after_section_1'  class='main_color av_default_container_wrap container_wrap sidebar_right'  ><div class='container av-section-cont-open' ><div class='template-page content  av-content-small alpha units'><div class='post-entry post-entry-type-page post-entry-3164'><div class='entry-content-wrapper clearfix'>\n","protected":false},"excerpt":{"rendered":"","protected":false},"author":1,"featured_media":0,"parent":0,"menu_order":0,"comment_status":"closed","ping_status":"closed","template":"","meta":{"footnotes":""},"class_list":["post-3164","page","type-page","status-publish","hentry"],"yoast_head":"<!-- This site is optimized with the Yoast SEO plugin v25.5 - https:\/\/yoast.com\/wordpress\/plugins\/seo\/ -->\n<title>materia\u0142 Prasa - Bei Deinem Namen genannt: Maria und Nikolaus<\/title>\n<meta name=\"robots\" content=\"index, follow, max-snippet:-1, max-image-preview:large, max-video-preview:-1\" \/>\n<link rel=\"canonical\" href=\"https:\/\/bei-deinem-namen-genannt.eu\/pressematerial\/\" \/>\n<meta property=\"og:locale\" content=\"pl_PL\" \/>\n<meta property=\"og:type\" content=\"article\" \/>\n<meta property=\"og:title\" content=\"materia\u0142 Prasa - Bei Deinem Namen genannt: Maria und Nikolaus\" \/>\n<meta property=\"og:url\" content=\"https:\/\/bei-deinem-namen-genannt.eu\/pressematerial\/\" \/>\n<meta property=\"og:site_name\" content=\"Bei Deinem Namen genannt: Maria und Nikolaus\" \/>\n<meta property=\"article:modified_time\" content=\"2018-12-17T11:07:11+00:00\" \/>\n<meta name=\"twitter:card\" content=\"summary_large_image\" \/>\n<meta name=\"twitter:label1\" content=\"Szacowany czas czytania\" \/>\n\t<meta name=\"twitter:data1\" content=\"5 minut\" \/>\n<script type=\"application\/ld+json\" class=\"yoast-schema-graph\">{\"@context\":\"https:\/\/schema.org\",\"@graph\":[{\"@type\":\"WebPage\",\"@id\":\"https:\/\/bei-deinem-namen-genannt.eu\/pressematerial\/\",\"url\":\"https:\/\/bei-deinem-namen-genannt.eu\/pressematerial\/\",\"name\":\"materia\u0142 Prasa - Bei Deinem Namen genannt: Maria und Nikolaus\",\"isPartOf\":{\"@id\":\"https:\/\/bei-deinem-namen-genannt.eu\/#website\"},\"datePublished\":\"2018-03-29T09:03:57+00:00\",\"dateModified\":\"2018-12-17T11:07:11+00:00\",\"breadcrumb\":{\"@id\":\"https:\/\/bei-deinem-namen-genannt.eu\/pressematerial\/#breadcrumb\"},\"inLanguage\":\"pl-PL\",\"potentialAction\":[{\"@type\":\"ReadAction\",\"target\":[\"https:\/\/bei-deinem-namen-genannt.eu\/pressematerial\/\"]}]},{\"@type\":\"BreadcrumbList\",\"@id\":\"https:\/\/bei-deinem-namen-genannt.eu\/pressematerial\/#breadcrumb\",\"itemListElement\":[{\"@type\":\"ListItem\",\"position\":1,\"name\":\"Startseite\",\"item\":\"https:\/\/bei-deinem-namen-genannt.eu\/pl\/\"},{\"@type\":\"ListItem\",\"position\":2,\"name\":\"materia\u0142 Prasa\"}]},{\"@type\":\"WebSite\",\"@id\":\"https:\/\/bei-deinem-namen-genannt.eu\/#website\",\"url\":\"https:\/\/bei-deinem-namen-genannt.eu\/\",\"name\":\"Bei Deinem Namen genannt: Maria und Nikolaus\",\"description\":\"Europ\u00e4isches Kulturerbejahr 2018 \u00bbSharing Heritage\u00ab\",\"potentialAction\":[{\"@type\":\"SearchAction\",\"target\":{\"@type\":\"EntryPoint\",\"urlTemplate\":\"https:\/\/bei-deinem-namen-genannt.eu\/?s={search_term_string}\"},\"query-input\":{\"@type\":\"PropertyValueSpecification\",\"valueRequired\":true,\"valueName\":\"search_term_string\"}}],\"inLanguage\":\"pl-PL\"}]}<\/script>\n<!-- \/ Yoast SEO plugin. -->","yoast_head_json":{"title":"materia\u0142 Prasa - Bei Deinem Namen genannt: Maria und Nikolaus","robots":{"index":"index","follow":"follow","max-snippet":"max-snippet:-1","max-image-preview":"max-image-preview:large","max-video-preview":"max-video-preview:-1"},"canonical":"https:\/\/bei-deinem-namen-genannt.eu\/pressematerial\/","og_locale":"pl_PL","og_type":"article","og_title":"materia\u0142 Prasa - Bei Deinem Namen genannt: Maria und Nikolaus","og_url":"https:\/\/bei-deinem-namen-genannt.eu\/pressematerial\/","og_site_name":"Bei Deinem Namen genannt: Maria und Nikolaus","article_modified_time":"2018-12-17T11:07:11+00:00","twitter_card":"summary_large_image","twitter_misc":{"Szacowany czas czytania":"5 minut"},"schema":{"@context":"https:\/\/schema.org","@graph":[{"@type":"WebPage","@id":"https:\/\/bei-deinem-namen-genannt.eu\/pressematerial\/","url":"https:\/\/bei-deinem-namen-genannt.eu\/pressematerial\/","name":"materia\u0142 Prasa - Bei Deinem Namen genannt: Maria und Nikolaus","isPartOf":{"@id":"https:\/\/bei-deinem-namen-genannt.eu\/#website"},"datePublished":"2018-03-29T09:03:57+00:00","dateModified":"2018-12-17T11:07:11+00:00","breadcrumb":{"@id":"https:\/\/bei-deinem-namen-genannt.eu\/pressematerial\/#breadcrumb"},"inLanguage":"pl-PL","potentialAction":[{"@type":"ReadAction","target":["https:\/\/bei-deinem-namen-genannt.eu\/pressematerial\/"]}]},{"@type":"BreadcrumbList","@id":"https:\/\/bei-deinem-namen-genannt.eu\/pressematerial\/#breadcrumb","itemListElement":[{"@type":"ListItem","position":1,"name":"Startseite","item":"https:\/\/bei-deinem-namen-genannt.eu\/pl\/"},{"@type":"ListItem","position":2,"name":"materia\u0142 Prasa"}]},{"@type":"WebSite","@id":"https:\/\/bei-deinem-namen-genannt.eu\/#website","url":"https:\/\/bei-deinem-namen-genannt.eu\/","name":"Bei Deinem Namen genannt: Maria und Nikolaus","description":"Europ\u00e4isches Kulturerbejahr 2018 \u00bbSharing Heritage\u00ab","potentialAction":[{"@type":"SearchAction","target":{"@type":"EntryPoint","urlTemplate":"https:\/\/bei-deinem-namen-genannt.eu\/?s={search_term_string}"},"query-input":{"@type":"PropertyValueSpecification","valueRequired":true,"valueName":"search_term_string"}}],"inLanguage":"pl-PL"}]}},"_links":{"self":[{"href":"https:\/\/bei-deinem-namen-genannt.eu\/pl\/wp-json\/wp\/v2\/pages\/3164","targetHints":{"allow":["GET"]}}],"collection":[{"href":"https:\/\/bei-deinem-namen-genannt.eu\/pl\/wp-json\/wp\/v2\/pages"}],"about":[{"href":"https:\/\/bei-deinem-namen-genannt.eu\/pl\/wp-json\/wp\/v2\/types\/page"}],"author":[{"embeddable":true,"href":"https:\/\/bei-deinem-namen-genannt.eu\/pl\/wp-json\/wp\/v2\/users\/1"}],"replies":[{"embeddable":true,"href":"https:\/\/bei-deinem-namen-genannt.eu\/pl\/wp-json\/wp\/v2\/comments?post=3164"}],"version-history":[{"count":3,"href":"https:\/\/bei-deinem-namen-genannt.eu\/pl\/wp-json\/wp\/v2\/pages\/3164\/revisions"}],"predecessor-version":[{"id":3703,"href":"https:\/\/bei-deinem-namen-genannt.eu\/pl\/wp-json\/wp\/v2\/pages\/3164\/revisions\/3703"}],"wp:attachment":[{"href":"https:\/\/bei-deinem-namen-genannt.eu\/pl\/wp-json\/wp\/v2\/media?parent=3164"}],"curies":[{"name":"wp","href":"https:\/\/api.w.org\/{rel}","templated":true}]}}